{"id":5857,"date":"2022-12-14T08:28:55","date_gmt":"2022-12-14T07:28:55","guid":{"rendered":"https:\/\/maisonshop.ch\/insektenschutz\/alice\/"},"modified":"2025-10-21T08:10:53","modified_gmt":"2025-10-21T06:10:53","slug":"alice","status":"publish","type":"page","link":"https:\/\/maisonshop.ch\/de\/insektenschutz\/alice\/","title":{"rendered":"Alice"},"content":{"rendered":"<p><div class=\"fusion-fullwidth fullwidth-box fusion-builder-row-1 fusion-flex-container has-pattern-background has-mask-background nonhundred-percent-fullwidth non-hundred-percent-height-scrolling\" style=\"--awb-border-radius-top-left:0px;--awb-border-radius-top-right:0px;--awb-border-radius-bottom-right:0px;--awb-border-radius-bottom-left:0px;--awb-padding-bottom:0px;--awb-flex-wrap:wrap;\" ><div class=\"fusion-builder-row fusion-row fusion-flex-align-items-flex-start fusion-flex-content-wrap\" style=\"max-width:1320.8px;margin-left: calc(-4% \/ 2 );margin-right: calc(-4% \/ 2 );\"><div class=\"fusion-layout-column fusion_builder_column fusion-builder-column-0 fusion_builder_column_1_1 1_1 fusion-flex-column\" style=\"--awb-bg-size:cover;--awb-width-large:100%;--awb-margin-top-large:25px;--awb-spacing-right-large:1.92%;--awb-margin-bottom-large:25px;--awb-spacing-left-large:1.92%;--awb-width-medium:100%;--awb-order-medium:0;--awb-spacing-right-medium:1.92%;--awb-spacing-left-medium:1.92%;--awb-width-small:100%;--awb-order-small:0;--awb-spacing-right-small:1.92%;--awb-spacing-left-small:1.92%;\"><div class=\"fusion-column-wrapper fusion-column-has-shadow fusion-flex-justify-content-flex-start fusion-content-layout-column\"><div class=\"fusion-title title fusion-title-1 fusion-sep-none fusion-title-text fusion-title-size-two\" style=\"--awb-margin-top-small:8px;--awb-margin-right-small:0px;--awb-margin-bottom-small:16px;--awb-margin-left-small:0px;\"><h2 class=\"fusion-title-heading title-heading-left fusion-responsive-typography-calculated\" style=\"margin:0;--fontSize:44;line-height:1.26;\">Alice \u2013 Drehfliegengittert\u00fcr mit R\u00fcckholfeder<\/h2><\/div><\/div><\/div><\/div><\/div><div class=\"fusion-fullwidth fullwidth-box fusion-builder-row-2 fusion-flex-container has-pattern-background has-mask-background nonhundred-percent-fullwidth non-hundred-percent-height-scrolling\" style=\"--awb-border-radius-top-left:0px;--awb-border-radius-top-right:0px;--awb-border-radius-bottom-right:0px;--awb-border-radius-bottom-left:0px;--awb-padding-top:0px;--awb-padding-bottom:0px;--awb-flex-wrap:wrap;\" ><div class=\"fusion-builder-row fusion-row fusion-flex-align-items-flex-start fusion-flex-content-wrap\" style=\"max-width:1320.8px;margin-left: calc(-4% \/ 2 );margin-right: calc(-4% \/ 2 );\"><div class=\"fusion-layout-column fusion_builder_column fusion-builder-column-1 fusion_builder_column_1_2 1_2 fusion-flex-column\" style=\"--awb-bg-size:cover;--awb-width-large:50%;--awb-margin-top-large:25px;--awb-spacing-right-large:3.84%;--awb-margin-bottom-large:25px;--awb-spacing-left-large:3.84%;--awb-width-medium:100%;--awb-order-medium:0;--awb-spacing-right-medium:1.92%;--awb-spacing-left-medium:1.92%;--awb-width-small:100%;--awb-order-small:0;--awb-spacing-right-small:1.92%;--awb-spacing-left-small:1.92%;\"><div class=\"fusion-column-wrapper fusion-column-has-shadow fusion-flex-justify-content-flex-start fusion-content-layout-column\"><div class=\"fusion-image-element \" style=\"--awb-caption-title-font-family:var(--h2_typography-font-family);--awb-caption-title-font-weight:var(--h2_typography-font-weight);--awb-caption-title-font-style:var(--h2_typography-font-style);--awb-caption-title-size:var(--h2_typography-font-size);--awb-caption-title-transform:var(--h2_typography-text-transform);--awb-caption-title-line-height:var(--h2_typography-line-height);--awb-caption-title-letter-spacing:var(--h2_typography-letter-spacing);\"><span class=\" fusion-imageframe imageframe-none imageframe-1 hover-type-zoomin\"><a href=\"https:\/\/maisonshop.ch\/wp-content\/uploads\/2022\/11\/alice-zanzariera.jpg\" class=\"fusion-lightbox\" data-rel=\"iLightbox[37cadb406e1be89d168]\" data-title=\"Zanzariera Alice\" title=\"Zanzariera Alice\"><img decoding=\"async\" width=\"600\" height=\"600\" alt=\"Alice \u2013 Drehfliegengittert\u00fcr mit R\u00fcckholfeder \" src=\"https:\/\/maisonshop.ch\/wp-content\/uploads\/2022\/11\/alice-zanzariera.jpg\" data-orig-src=\"https:\/\/maisonshop.ch\/wp-content\/uploads\/2022\/11\/alice-zanzariera-600x600.jpg\" class=\"lazyload img-responsive wp-image-4206\" srcset=\"data:image\/svg+xml,%3Csvg%20xmlns%3D%27http%3A%2F%2Fwww.w3.org%2F2000%2Fsvg%27%20width%3D%271000%27%20height%3D%271000%27%20viewBox%3D%270%200%201000%201000%27%3E%3Crect%20width%3D%271000%27%20height%3D%271000%27%20fill-opacity%3D%220%22%2F%3E%3C%2Fsvg%3E\" data-srcset=\"https:\/\/maisonshop.ch\/wp-content\/uploads\/2022\/11\/alice-zanzariera-200x200.jpg 200w, https:\/\/maisonshop.ch\/wp-content\/uploads\/2022\/11\/alice-zanzariera-400x400.jpg 400w, https:\/\/maisonshop.ch\/wp-content\/uploads\/2022\/11\/alice-zanzariera-600x600.jpg 600w, https:\/\/maisonshop.ch\/wp-content\/uploads\/2022\/11\/alice-zanzariera-800x800.jpg 800w, https:\/\/maisonshop.ch\/wp-content\/uploads\/2022\/11\/alice-zanzariera.jpg 1000w\" data-sizes=\"auto\" data-orig-sizes=\"(max-width: 1024px) 100vw, (max-width: 640px) 100vw, 600px\" \/><\/a><\/span><\/div><ul style=\"--awb-size:16px;--awb-line-height:27.2px;--awb-icon-width:27.2px;--awb-icon-height:27.2px;--awb-icon-margin:11.2px;--awb-content-margin:38.4px;--awb-circlecolor:var(--awb-color2);--awb-circle-yes-font-size:14.08px;\" class=\"fusion-checklist fusion-checklist-1 fusion-checklist-default type-icons\"><li class=\"fusion-li-item\" style=\"\"><span class=\"icon-wrapper circle-yes\"><i class=\"fusion-li-icon fa-file-alt fas\" aria-hidden=\"true\"><\/i><\/span><div class=\"fusion-li-item-content\">\n<p><a href=\"\/wp-content\/uploads\/2022\/11\/alice.pdf\">Technisches Datenblatt<\/a><\/p>\n<\/div><\/li><li class=\"fusion-li-item\" style=\"\"><span class=\"icon-wrapper circle-yes\"><i class=\"fusion-li-icon fa-swatchbook fas\" aria-hidden=\"true\"><\/i><\/span><div class=\"fusion-li-item-content\">\n<p>Farben<\/p>\n<\/div><\/li><\/ul><a class=\"awb-lightbox awb-lightbox-1\" data-title=\"Colori zanzariera Alice\" title=\"Colori zanzariera Alice\" href=\"https:\/\/maisonshop.ch\/wp-content\/uploads\/2022\/12\/colori-alice.jpg\" data-caption=\"Farben der Insektenschutzt\u00fcr Alice\" data-rel=\"iLightbox\"><img class=\"lazyload\" decoding=\"async\" src=\"data:image\/svg+xml,%3Csvg%20xmlns%3D%27http%3A%2F%2Fwww.w3.org%2F2000%2Fsvg%27%20width%3D%27200%27%20height%3D%27116%27%20viewBox%3D%270%200%20200%20116%27%3E%3Crect%20width%3D%27200%27%20height%3D%27116%27%20fill-opacity%3D%220%22%2F%3E%3C%2Fsvg%3E\" data-orig-src=\"https:\/\/maisonshop.ch\/wp-content\/uploads\/2022\/12\/colori-alice-200x116.jpg\" alt=\"Farben der Insektenschutzt\u00fcr Alice\"><\/a><\/div><\/div><div class=\"fusion-layout-column fusion_builder_column fusion-builder-column-2 fusion_builder_column_1_2 1_2 fusion-flex-column\" style=\"--awb-bg-size:cover;--awb-width-large:50%;--awb-margin-top-large:25px;--awb-spacing-right-large:3.84%;--awb-margin-bottom-large:25px;--awb-spacing-left-large:3.84%;--awb-width-medium:100%;--awb-order-medium:0;--awb-spacing-right-medium:1.92%;--awb-spacing-left-medium:1.92%;--awb-width-small:100%;--awb-order-small:0;--awb-spacing-right-small:1.92%;--awb-spacing-left-small:1.92%;\"><div class=\"fusion-column-wrapper fusion-column-has-shadow fusion-flex-justify-content-flex-start fusion-content-layout-column\"><div class=\"fusion-text fusion-text-1\"><div class=\"vc_col-sm-9 wpb_column vc_column_container\">\n<div class=\"wpb_wrapper\">\n<div class=\"wpb_text_column wpb_content_element \">\n<div class=\"wpb_wrapper\">\n<p>Wenn die Temperaturen steigen, nimmt auch das Risiko von M\u00fcckenstichen zu. Diese Insekten ern\u00e4hren sich von unserem Blut und versuchen, durch jede \u00d6ffnung in unsere H\u00e4user zu gelangen \u2013 nicht nur nachts, sondern inzwischen auch tags\u00fcber, seit die <strong>Tigerm\u00fccke<\/strong> auch im Tessin und weiten Teilen der Schweiz angekommen ist.  <\/p>\n<p>Daher ist es wichtig, Insektenschutzsysteme zu installieren, um diese l\u00e4stigen Eindringlinge fernzuhalten. \u201eAlice\u201c ist mehr als nur ein Schutzgitter \u2013 sie ist eine echte T\u00fcr, ausgestattet mit einer R\u00fcckholfeder (Standard) und erh\u00e4ltlich mit einer bis vier Fl\u00fcgeln. <\/p>\n<p>Die <strong>Aluminiumstruktur<\/strong> kann mit drei verschiedenen <strong>Netztypen<\/strong> kombiniert werden: klassisches Glasfasergewebe, Aluminiumnetz in Silber oder Schwarz oder rostfreies <strong>Edelstahlgewebe<\/strong>.<br \/>Optional sind auch B\u00f6gen oder trapezf\u00f6rmige Rahmen mit Oberlicht oder geformten Fl\u00fcgeln erh\u00e4ltlich, was Alice zu einer \u00e4sthetisch ansprechenden und individuellen L\u00f6sung macht.  <span style=\"color: var(--body_typography-color); font-family: var(--body_typography-font-family); font-size: var(--body_typography-font-size); font-style: var(--body_typography-font-style,normal); letter-spacing: var(--body_typography-letter-spacing);\"> <\/span><\/p>\n<\/div>\n<\/div>\n<\/div>\n<\/div>\n<\/div><\/div><\/div><\/div><\/div><div class=\"fusion-fullwidth fullwidth-box fusion-builder-row-3 fusion-flex-container has-pattern-background has-mask-background nonhundred-percent-fullwidth non-hundred-percent-height-scrolling\" style=\"--awb-border-radius-top-left:0px;--awb-border-radius-top-right:0px;--awb-border-radius-bottom-right:0px;--awb-border-radius-bottom-left:0px;--awb-flex-wrap:wrap;\" ><div class=\"fusion-builder-row fusion-row fusion-flex-align-items-flex-start fusion-flex-content-wrap\" style=\"max-width:1320.8px;margin-left: calc(-4% \/ 2 );margin-right: calc(-4% \/ 2 );\"><div class=\"fusion-layout-column fusion_builder_column fusion-builder-column-3 fusion_builder_column_1_1 1_1 fusion-flex-column\" style=\"--awb-bg-size:cover;--awb-width-large:100%;--awb-margin-top-large:25px;--awb-spacing-right-large:1.92%;--awb-margin-bottom-large:25px;--awb-spacing-left-large:1.92%;--awb-width-medium:100%;--awb-order-medium:0;--awb-spacing-right-medium:1.92%;--awb-spacing-left-medium:1.92%;--awb-width-small:100%;--awb-order-small:0;--awb-spacing-right-small:1.92%;--awb-spacing-left-small:1.92%;\"><div class=\"fusion-column-wrapper fusion-column-has-shadow fusion-flex-justify-content-flex-start fusion-content-layout-column\"><div class=\"fusion-text fusion-text-2\"><div class=\"vc_col-sm-9 wpb_column vc_column_container\">\n<div class=\"wpb_wrapper\">\n<div class=\"wpb_text_column wpb_content_element \">\n<div class=\"wpb_wrapper\">\n<p>Um diese Insektenschutzt\u00fcr noch ansprechender zu gestalten, bietet das Unternehmen auch die M\u00f6glichkeit, sie mit einem <strong>Bogen- oder Trapezrahmen<\/strong>, mit Oberlicht oder mit geformten Fl\u00fcgeln auszuf\u00fchren.<\/p>\n<p>All diese Eigenschaften \u2013 kombiniert mit <strong>14 verschiedenen Farbvarianten<\/strong> \u2013 machen Alice zu einer wirklich einzigartigen und individuellen Drehfl\u00fcgelt\u00fcr, die sich perfekt an jede Umgebung anpasst.<\/p>\n<p>Zudem verf\u00fcgt Alice \u00fcber zwei besonders interessante Optionen: eine <strong>Tiert\u00fcr<\/strong> und asymmetrische Fl\u00fcgel, um jeder Anforderung gerecht zu werden.<br \/>Die Tiert\u00fcr kann nur bei Metallgeweben installiert werden. <\/p>\n<p>Die maximalen Abmessungen von Alice reichen von 1,20 m bei der einfl\u00fcgeligen Ausf\u00fchrung bis zu 3,20 m bei der vierfl\u00fcgeligen Struktur, jeweils mit einer maximalen H\u00f6he von 2,50 m.<\/p>\n<\/div>\n<\/div>\n<\/div>\n<\/div>\n<div class=\"vc_col-sm-3 wpb_column vc_column_container\">\n<div class=\"wpb_wrapper\"> <\/div>\n<\/div>\n<\/div><\/div><\/div><\/div><\/div><\/p>\n","protected":false},"excerpt":{"rendered":"","protected":false},"author":1,"featured_media":0,"parent":4533,"menu_order":0,"comment_status":"closed","ping_status":"closed","template":"side-navigation.php","meta":{"_monsterinsights_skip_tracking":false,"_monsterinsights_sitenote_active":false,"_monsterinsights_sitenote_note":"","_monsterinsights_sitenote_category":0,"_themeisle_gutenberg_block_has_review":false,"footnotes":""},"class_list":["post-5857","page","type-page","status-publish","hentry"],"yoast_head":"<!-- This site is optimized with the Yoast SEO plugin v27.2 - https:\/\/yoast.com\/product\/yoast-seo-wordpress\/ -->\n<title>Insektenschutz Alice \u2013 Drehfliegengitter mit R\u00fcckholfeder f\u00fcr T\u00fcren<\/title>\n<meta name=\"description\" content=\"Fliegengitter \u201cAlice\u201d mit R\u00fcckholfeder, Aluminiumrahmen, Glasfaser- oder Edelstahlnetz, bis 4 T\u00fcrenfl\u00fcgel und 14 Farbvarianten.\" \/>\n<meta name=\"robots\" content=\"index, follow, max-snippet:-1, max-image-preview:large, max-video-preview:-1\" \/>\n<link rel=\"canonical\" href=\"https:\/\/maisonshop.ch\/de\/insektenschutz\/alice\/\" \/>\n<meta property=\"og:locale\" content=\"de_DE\" \/>\n<meta property=\"og:type\" content=\"article\" \/>\n<meta property=\"og:title\" content=\"Insektenschutz Alice \u2013 Drehfliegengitter mit R\u00fcckholfeder f\u00fcr T\u00fcren\" \/>\n<meta property=\"og:description\" content=\"Fliegengitter \u201cAlice\u201d mit R\u00fcckholfeder, Aluminiumrahmen, Glasfaser- oder Edelstahlnetz, bis 4 T\u00fcrenfl\u00fcgel und 14 Farbvarianten.\" \/>\n<meta property=\"og:url\" content=\"https:\/\/maisonshop.ch\/de\/insektenschutz\/alice\/\" \/>\n<meta property=\"og:site_name\" content=\"Maisonshop.ch\" \/>\n<meta property=\"article:publisher\" content=\"https:\/\/www.facebook.com\/MaisonShopCh\" \/>\n<meta property=\"article:modified_time\" content=\"2025-10-21T06:10:53+00:00\" \/>\n<meta name=\"twitter:card\" content=\"summary_large_image\" \/>\n<meta name=\"twitter:label1\" content=\"Gesch\u00e4tzte Lesezeit\" \/>\n\t<meta name=\"twitter:data1\" content=\"11\u00a0Minuten\" \/>\n<script type=\"application\/ld+json\" class=\"yoast-schema-graph\">{\"@context\":\"https:\/\/schema.org\",\"@graph\":[{\"@type\":\"WebPage\",\"@id\":\"https:\/\/maisonshop.ch\/de\/insektenschutz\/alice\/\",\"url\":\"https:\/\/maisonshop.ch\/de\/insektenschutz\/alice\/\",\"name\":\"Insektenschutz Alice \u2013 Drehfliegengitter mit R\u00fcckholfeder f\u00fcr T\u00fcren\",\"isPartOf\":{\"@id\":\"https:\/\/maisonshop.ch\/de\/#website\"},\"datePublished\":\"2022-12-14T07:28:55+00:00\",\"dateModified\":\"2025-10-21T06:10:53+00:00\",\"description\":\"Fliegengitter \u201cAlice\u201d mit R\u00fcckholfeder, Aluminiumrahmen, Glasfaser- oder Edelstahlnetz, bis 4 T\u00fcrenfl\u00fcgel und 14 Farbvarianten.\",\"breadcrumb\":{\"@id\":\"https:\/\/maisonshop.ch\/de\/insektenschutz\/alice\/#breadcrumb\"},\"inLanguage\":\"de\",\"potentialAction\":[{\"@type\":\"ReadAction\",\"target\":[\"https:\/\/maisonshop.ch\/de\/insektenschutz\/alice\/\"]}]},{\"@type\":\"BreadcrumbList\",\"@id\":\"https:\/\/maisonshop.ch\/de\/insektenschutz\/alice\/#breadcrumb\",\"itemListElement\":[{\"@type\":\"ListItem\",\"position\":1,\"name\":\"Home\",\"item\":\"https:\/\/maisonshop.ch\/de\/home\/\"},{\"@type\":\"ListItem\",\"position\":2,\"name\":\"Insektenschutz\",\"item\":\"https:\/\/maisonshop.ch\/de\/dienstleistungen\/insektenschutz\/\"},{\"@type\":\"ListItem\",\"position\":3,\"name\":\"Alice\"}]},{\"@type\":\"WebSite\",\"@id\":\"https:\/\/maisonshop.ch\/de\/#website\",\"url\":\"https:\/\/maisonshop.ch\/de\/\",\"name\":\"Maisonshop.ch\",\"description\":\"Le ma\u00eetre d\u00e9corateur\",\"publisher\":{\"@id\":\"https:\/\/maisonshop.ch\/de\/#organization\"},\"alternateName\":\"Maison Shop\",\"potentialAction\":[{\"@type\":\"SearchAction\",\"target\":{\"@type\":\"EntryPoint\",\"urlTemplate\":\"https:\/\/maisonshop.ch\/de\/?s={search_term_string}\"},\"query-input\":{\"@type\":\"PropertyValueSpecification\",\"valueRequired\":true,\"valueName\":\"search_term_string\"}}],\"inLanguage\":\"de\"},{\"@type\":\"Organization\",\"@id\":\"https:\/\/maisonshop.ch\/de\/#organization\",\"name\":\"Maisonshop.ch Sagl\",\"url\":\"https:\/\/maisonshop.ch\/de\/\",\"logo\":{\"@type\":\"ImageObject\",\"inLanguage\":\"de\",\"@id\":\"https:\/\/maisonshop.ch\/de\/#\/schema\/logo\/image\/\",\"url\":\"https:\/\/maisonshop.ch\/wp-content\/uploads\/2022\/10\/ms-logo-400x90cm.png\",\"contentUrl\":\"https:\/\/maisonshop.ch\/wp-content\/uploads\/2022\/10\/ms-logo-400x90cm.png\",\"width\":400,\"height\":90,\"caption\":\"Maisonshop.ch Sagl\"},\"image\":{\"@id\":\"https:\/\/maisonshop.ch\/de\/#\/schema\/logo\/image\/\"},\"sameAs\":[\"https:\/\/www.facebook.com\/MaisonShopCh\"]}]}<\/script>\n<!-- \/ Yoast SEO plugin. -->","yoast_head_json":{"title":"Insektenschutz Alice \u2013 Drehfliegengitter mit R\u00fcckholfeder f\u00fcr T\u00fcren","description":"Fliegengitter \u201cAlice\u201d mit R\u00fcckholfeder, Aluminiumrahmen, Glasfaser- oder Edelstahlnetz, bis 4 T\u00fcrenfl\u00fcgel und 14 Farbvarianten.","robots":{"index":"index","follow":"follow","max-snippet":"max-snippet:-1","max-image-preview":"max-image-preview:large","max-video-preview":"max-video-preview:-1"},"canonical":"https:\/\/maisonshop.ch\/de\/insektenschutz\/alice\/","og_locale":"de_DE","og_type":"article","og_title":"Insektenschutz Alice \u2013 Drehfliegengitter mit R\u00fcckholfeder f\u00fcr T\u00fcren","og_description":"Fliegengitter \u201cAlice\u201d mit R\u00fcckholfeder, Aluminiumrahmen, Glasfaser- oder Edelstahlnetz, bis 4 T\u00fcrenfl\u00fcgel und 14 Farbvarianten.","og_url":"https:\/\/maisonshop.ch\/de\/insektenschutz\/alice\/","og_site_name":"Maisonshop.ch","article_publisher":"https:\/\/www.facebook.com\/MaisonShopCh","article_modified_time":"2025-10-21T06:10:53+00:00","twitter_card":"summary_large_image","twitter_misc":{"Gesch\u00e4tzte Lesezeit":"11\u00a0Minuten"},"schema":{"@context":"https:\/\/schema.org","@graph":[{"@type":"WebPage","@id":"https:\/\/maisonshop.ch\/de\/insektenschutz\/alice\/","url":"https:\/\/maisonshop.ch\/de\/insektenschutz\/alice\/","name":"Insektenschutz Alice \u2013 Drehfliegengitter mit R\u00fcckholfeder f\u00fcr T\u00fcren","isPartOf":{"@id":"https:\/\/maisonshop.ch\/de\/#website"},"datePublished":"2022-12-14T07:28:55+00:00","dateModified":"2025-10-21T06:10:53+00:00","description":"Fliegengitter \u201cAlice\u201d mit R\u00fcckholfeder, Aluminiumrahmen, Glasfaser- oder Edelstahlnetz, bis 4 T\u00fcrenfl\u00fcgel und 14 Farbvarianten.","breadcrumb":{"@id":"https:\/\/maisonshop.ch\/de\/insektenschutz\/alice\/#breadcrumb"},"inLanguage":"de","potentialAction":[{"@type":"ReadAction","target":["https:\/\/maisonshop.ch\/de\/insektenschutz\/alice\/"]}]},{"@type":"BreadcrumbList","@id":"https:\/\/maisonshop.ch\/de\/insektenschutz\/alice\/#breadcrumb","itemListElement":[{"@type":"ListItem","position":1,"name":"Home","item":"https:\/\/maisonshop.ch\/de\/home\/"},{"@type":"ListItem","position":2,"name":"Insektenschutz","item":"https:\/\/maisonshop.ch\/de\/dienstleistungen\/insektenschutz\/"},{"@type":"ListItem","position":3,"name":"Alice"}]},{"@type":"WebSite","@id":"https:\/\/maisonshop.ch\/de\/#website","url":"https:\/\/maisonshop.ch\/de\/","name":"Maisonshop.ch","description":"Le ma\u00eetre d\u00e9corateur","publisher":{"@id":"https:\/\/maisonshop.ch\/de\/#organization"},"alternateName":"Maison Shop","potentialAction":[{"@type":"SearchAction","target":{"@type":"EntryPoint","urlTemplate":"https:\/\/maisonshop.ch\/de\/?s={search_term_string}"},"query-input":{"@type":"PropertyValueSpecification","valueRequired":true,"valueName":"search_term_string"}}],"inLanguage":"de"},{"@type":"Organization","@id":"https:\/\/maisonshop.ch\/de\/#organization","name":"Maisonshop.ch Sagl","url":"https:\/\/maisonshop.ch\/de\/","logo":{"@type":"ImageObject","inLanguage":"de","@id":"https:\/\/maisonshop.ch\/de\/#\/schema\/logo\/image\/","url":"https:\/\/maisonshop.ch\/wp-content\/uploads\/2022\/10\/ms-logo-400x90cm.png","contentUrl":"https:\/\/maisonshop.ch\/wp-content\/uploads\/2022\/10\/ms-logo-400x90cm.png","width":400,"height":90,"caption":"Maisonshop.ch Sagl"},"image":{"@id":"https:\/\/maisonshop.ch\/de\/#\/schema\/logo\/image\/"},"sameAs":["https:\/\/www.facebook.com\/MaisonShopCh"]}]}},"_links":{"self":[{"href":"https:\/\/maisonshop.ch\/de\/wp-json\/wp\/v2\/pages\/5857","targetHints":{"allow":["GET"]}}],"collection":[{"href":"https:\/\/maisonshop.ch\/de\/wp-json\/wp\/v2\/pages"}],"about":[{"href":"https:\/\/maisonshop.ch\/de\/wp-json\/wp\/v2\/types\/page"}],"author":[{"embeddable":true,"href":"https:\/\/maisonshop.ch\/de\/wp-json\/wp\/v2\/users\/1"}],"replies":[{"embeddable":true,"href":"https:\/\/maisonshop.ch\/de\/wp-json\/wp\/v2\/comments?post=5857"}],"version-history":[{"count":3,"href":"https:\/\/maisonshop.ch\/de\/wp-json\/wp\/v2\/pages\/5857\/revisions"}],"predecessor-version":[{"id":5860,"href":"https:\/\/maisonshop.ch\/de\/wp-json\/wp\/v2\/pages\/5857\/revisions\/5860"}],"up":[{"embeddable":true,"href":"https:\/\/maisonshop.ch\/de\/wp-json\/wp\/v2\/pages\/4533"}],"wp:attachment":[{"href":"https:\/\/maisonshop.ch\/de\/wp-json\/wp\/v2\/media?parent=5857"}],"curies":[{"name":"wp","href":"https:\/\/api.w.org\/{rel}","templated":true}]}}