{"id":5870,"date":"2022-12-13T15:25:43","date_gmt":"2022-12-13T14:25:43","guid":{"rendered":"https:\/\/maisonshop.ch\/insektenschutz\/gamma\/"},"modified":"2025-10-21T08:59:48","modified_gmt":"2025-10-21T06:59:48","slug":"gamma","status":"publish","type":"page","link":"https:\/\/maisonshop.ch\/de\/insektenschutz\/gamma\/","title":{"rendered":"Gamma"},"content":{"rendered":"<p><div class=\"fusion-fullwidth fullwidth-box fusion-builder-row-1 fusion-flex-container has-pattern-background has-mask-background nonhundred-percent-fullwidth non-hundred-percent-height-scrolling\" style=\"--awb-border-radius-top-left:0px;--awb-border-radius-top-right:0px;--awb-border-radius-bottom-right:0px;--awb-border-radius-bottom-left:0px;--awb-padding-top:2%;--awb-padding-bottom:0%;--awb-flex-wrap:wrap;\" ><div class=\"fusion-builder-row fusion-row fusion-flex-align-items-flex-start fusion-flex-content-wrap\" style=\"max-width:1320.8px;margin-left: calc(-4% \/ 2 );margin-right: calc(-4% \/ 2 );\"><div class=\"fusion-layout-column fusion_builder_column fusion-builder-column-0 fusion_builder_column_1_1 1_1 fusion-flex-column\" style=\"--awb-bg-size:cover;--awb-width-large:100%;--awb-margin-top-large:25px;--awb-spacing-right-large:1.92%;--awb-margin-bottom-large:25px;--awb-spacing-left-large:1.92%;--awb-width-medium:100%;--awb-order-medium:0;--awb-spacing-right-medium:1.92%;--awb-spacing-left-medium:1.92%;--awb-width-small:100%;--awb-order-small:0;--awb-spacing-right-small:1.92%;--awb-spacing-left-small:1.92%;\"><div class=\"fusion-column-wrapper fusion-column-has-shadow fusion-flex-justify-content-flex-start fusion-content-layout-column\"><div class=\"fusion-title title fusion-title-1 fusion-sep-none fusion-title-text fusion-title-size-two\" style=\"--awb-margin-top-small:8px;--awb-margin-right-small:0px;--awb-margin-bottom-small:16px;--awb-margin-left-small:0px;\"><h2 class=\"fusion-title-heading title-heading-left fusion-responsive-typography-calculated\" style=\"margin:0;--fontSize:44;line-height:1.26;\">Gamma \u2013 Insektenschutz mit Kettenbedienung und Clic-Clak-System<\/h2><\/div><\/div><\/div><\/div><\/div><div class=\"fusion-fullwidth fullwidth-box fusion-builder-row-2 fusion-flex-container has-pattern-background has-mask-background nonhundred-percent-fullwidth non-hundred-percent-height-scrolling\" style=\"--awb-border-radius-top-left:0px;--awb-border-radius-top-right:0px;--awb-border-radius-bottom-right:0px;--awb-border-radius-bottom-left:0px;--awb-padding-top:0px;--awb-flex-wrap:wrap;\" ><div class=\"fusion-builder-row fusion-row fusion-flex-align-items-flex-start fusion-flex-content-wrap\" style=\"max-width:1320.8px;margin-left: calc(-4% \/ 2 );margin-right: calc(-4% \/ 2 );\"><div class=\"fusion-layout-column fusion_builder_column fusion-builder-column-1 fusion_builder_column_1_2 1_2 fusion-flex-column\" style=\"--awb-bg-size:cover;--awb-width-large:50%;--awb-margin-top-large:25px;--awb-spacing-right-large:3.84%;--awb-margin-bottom-large:25px;--awb-spacing-left-large:3.84%;--awb-width-medium:100%;--awb-order-medium:0;--awb-spacing-right-medium:1.92%;--awb-spacing-left-medium:1.92%;--awb-width-small:100%;--awb-order-small:0;--awb-spacing-right-small:1.92%;--awb-spacing-left-small:1.92%;\"><div class=\"fusion-column-wrapper fusion-column-has-shadow fusion-flex-justify-content-flex-start fusion-content-layout-column\"><div class=\"fusion-image-element \" style=\"--awb-caption-title-font-family:var(--h2_typography-font-family);--awb-caption-title-font-weight:var(--h2_typography-font-weight);--awb-caption-title-font-style:var(--h2_typography-font-style);--awb-caption-title-size:var(--h2_typography-font-size);--awb-caption-title-transform:var(--h2_typography-text-transform);--awb-caption-title-line-height:var(--h2_typography-line-height);--awb-caption-title-letter-spacing:var(--h2_typography-letter-spacing);\"><span class=\" fusion-imageframe imageframe-none imageframe-1 hover-type-zoomin\"><a href=\"https:\/\/maisonshop.ch\/wp-content\/uploads\/2022\/11\/gamma-zanzariera.jpg\" class=\"fusion-lightbox\" data-rel=\"iLightbox[4b66378e1b79ceb07cb]\" data-title=\"Zanzariera Gamma\" title=\"Zanzariera Gamma\"><img decoding=\"async\" width=\"600\" height=\"600\" alt=\"Gamma \u2013 Insektenschutz mit Kettenbedienung und Clic-Clak-System\" src=\"https:\/\/maisonshop.ch\/wp-content\/uploads\/2022\/11\/gamma-zanzariera.jpg\" data-orig-src=\"https:\/\/maisonshop.ch\/wp-content\/uploads\/2022\/11\/gamma-zanzariera-600x600.jpg\" class=\"lazyload img-responsive wp-image-4207\" srcset=\"data:image\/svg+xml,%3Csvg%20xmlns%3D%27http%3A%2F%2Fwww.w3.org%2F2000%2Fsvg%27%20width%3D%271000%27%20height%3D%271000%27%20viewBox%3D%270%200%201000%201000%27%3E%3Crect%20width%3D%271000%27%20height%3D%271000%27%20fill-opacity%3D%220%22%2F%3E%3C%2Fsvg%3E\" data-srcset=\"https:\/\/maisonshop.ch\/wp-content\/uploads\/2022\/11\/gamma-zanzariera-200x200.jpg 200w, https:\/\/maisonshop.ch\/wp-content\/uploads\/2022\/11\/gamma-zanzariera-400x400.jpg 400w, https:\/\/maisonshop.ch\/wp-content\/uploads\/2022\/11\/gamma-zanzariera-600x600.jpg 600w, https:\/\/maisonshop.ch\/wp-content\/uploads\/2022\/11\/gamma-zanzariera-800x800.jpg 800w, https:\/\/maisonshop.ch\/wp-content\/uploads\/2022\/11\/gamma-zanzariera.jpg 1000w\" data-sizes=\"auto\" data-orig-sizes=\"(max-width: 1024px) 100vw, (max-width: 640px) 100vw, 600px\" \/><\/a><\/span><\/div><ul style=\"--awb-size:16px;--awb-line-height:27.2px;--awb-icon-width:27.2px;--awb-icon-height:27.2px;--awb-icon-margin:11.2px;--awb-content-margin:38.4px;--awb-circlecolor:var(--awb-color2);--awb-circle-yes-font-size:14.08px;\" class=\"fusion-checklist fusion-checklist-1 fusion-checklist-default type-icons\"><li class=\"fusion-li-item\" style=\"\"><span class=\"icon-wrapper circle-yes\"><i class=\"fusion-li-icon fa-file-alt fas\" aria-hidden=\"true\"><\/i><\/span><div class=\"fusion-li-item-content\">\n<p><a href=\"https:\/\/maisonshop.ch\/wp-content\/uploads\/2022\/11\/gamma.pdf\">Technisches Datenblatt<\/a><\/p>\n<\/div><\/li><li class=\"fusion-li-item\" style=\"\"><span class=\"icon-wrapper circle-yes\"><i class=\"fusion-li-icon fa-swatchbook fas\" aria-hidden=\"true\"><\/i><\/span><div class=\"fusion-li-item-content\">\n<p>Farben<\/p>\n<\/div><\/li><\/ul><a class=\"awb-lightbox awb-lightbox-1\" data-title=\"Colori zanzariera Gamma\" title=\"Colori zanzariera Gamma\" href=\"https:\/\/maisonshop.ch\/wp-content\/uploads\/2022\/12\/colori-gamma.jpg\" data-caption=\"Farben der Insektenschutzgitter Gamma\" data-rel=\"iLightbox\"><img class=\"lazyload\" decoding=\"async\" src=\"data:image\/svg+xml,%3Csvg%20xmlns%3D%27http%3A%2F%2Fwww.w3.org%2F2000%2Fsvg%27%20width%3D%27200%27%20height%3D%27156%27%20viewBox%3D%270%200%20200%20156%27%3E%3Crect%20width%3D%27200%27%20height%3D%27156%27%20fill-opacity%3D%220%22%2F%3E%3C%2Fsvg%3E\" data-orig-src=\"https:\/\/maisonshop.ch\/wp-content\/uploads\/2022\/12\/colori-gamma-200x156.jpg\" alt=\"Farben der Insektenschutzgitter Gamma\"><\/a><div class=\"fusion-video fusion-youtube\" style=\"--awb-max-width:600px;--awb-max-height:360px;\"><div class=\"video-shortcode\"><lite-youtube videoid=\"zZ5ejXTbRh4\" class=\"landscape\" params=\"wmode=transparent&autoplay=1&amp;enablejsapi=1\" title=\"YouTube video player 1\" data-button-label=\"Play Video\" width=\"600\" height=\"360\" data-thumbnail-size=\"auto\" data-no-cookie=\"on\"><\/lite-youtube><\/div><\/div><\/div><\/div><div class=\"fusion-layout-column fusion_builder_column fusion-builder-column-2 fusion_builder_column_1_2 1_2 fusion-flex-column\" style=\"--awb-bg-size:cover;--awb-width-large:50%;--awb-margin-top-large:25px;--awb-spacing-right-large:3.84%;--awb-margin-bottom-large:25px;--awb-spacing-left-large:3.84%;--awb-width-medium:100%;--awb-order-medium:0;--awb-spacing-right-medium:1.92%;--awb-spacing-left-medium:1.92%;--awb-width-small:100%;--awb-order-small:0;--awb-spacing-right-small:1.92%;--awb-spacing-left-small:1.92%;\"><div class=\"fusion-column-wrapper fusion-column-has-shadow fusion-flex-justify-content-flex-start fusion-content-layout-column\"><div class=\"fusion-text fusion-text-1\"><p>Einer der Nachteile des Sommerbeginns ist zweifellos die Zunahme von M\u00fccken in der N\u00e4he unserer H\u00e4user.<br \/>In den letzten Jahren hat sich neben den gew\u00f6hnlichen Stechm\u00fccken auch die <strong>Tigerm\u00fccke<\/strong> fast im gesamten Schweizer Gebiet verbreitet. Im Gegensatz zu anderen Arten ist sie auch tags\u00fcber aktiv und wird wegen ihrer l\u00e4stigen Stiche schnell zur echten Plage. In einigen L\u00e4ndern kann sie sogar Krankheiten \u00fcbertragen und den Menschen durch ihren Stich infizieren.   <\/p>\n<p>Aus diesem Grund ist es wichtig, sich zu sch\u00fctzen, indem man Insektenschutzgitter an T\u00fcren und Fenstern installiert.<\/p>\n<p>Die Insektenschutzt\u00fcr Gamma \u00fcberzeugt durch ihr besonders abgerundetes Design und ein straff gespanntes <strong>Glasfasergewebe<\/strong>, das sich stets in perfektem Zustand h\u00e4lt.<br \/>Sie ist keine klassische vertikale Rollzanzariere, sondern verf\u00fcgt \u00fcber eine innovative Funktion, die verhindert, dass man sich b\u00fccken muss, um das System zu \u00f6ffnen oder zu schliessen.<br \/>Das von Bettio patentierte Click-Clak\u00ae-System erm\u00f6glicht die Bedienung per Kettenzug mit einem einfachen Klick, wodurch der herk\u00f6mmliche Federmechanismus wesentlich verbessert wird.<br \/>Man muss sich nicht mehr b\u00fccken, und das Netz bleibt jederzeit perfekt gespannt.   <\/p>\n<p>Die Gamma-Zanzariere eignet sich sowohl f\u00fcr <strong>T\u00fcren als auch f\u00fcr Fenster<\/strong>, hat eine Bautiefe von nur 51 mm und deckt Fl\u00e4chen bis zu 2,00 \u00d7 2,50 m ab.<\/p>\n<p>Dank 23 verschiedener Farbvarianten l\u00e4sst sich dieses Modell harmonisch in jedes Wohnambiente integrieren, w\u00e4hrend die teleskopischen F\u00fchrungsschienen eine Montage auch auf unebenen oder schiefen W\u00e4nden erm\u00f6glichen.<\/p>\n<p>Gamma ist zudem mit einer <strong>Bedienkette<\/strong> innen und aussen erh\u00e4ltlich \u2013 f\u00fcr doppelte Steuerung und maximalen Komfort.<\/p>\n<\/div><\/div><\/div><\/div><\/div><\/p>\n","protected":false},"excerpt":{"rendered":"","protected":false},"author":1,"featured_media":0,"parent":4533,"menu_order":0,"comment_status":"closed","ping_status":"closed","template":"side-navigation.php","meta":{"_monsterinsights_skip_tracking":false,"_monsterinsights_sitenote_active":false,"_monsterinsights_sitenote_note":"","_monsterinsights_sitenote_category":0,"_themeisle_gutenberg_block_has_review":false,"footnotes":""},"class_list":["post-5870","page","type-page","status-publish","hentry"],"yoast_head":"<!-- This site is optimized with the Yoast SEO plugin v27.2 - https:\/\/yoast.com\/product\/yoast-seo-wordpress\/ -->\n<title>Gamma \u2013 Insektenschutz mit Kettenbedienung und Clic-Clak-System<\/title>\n<meta name=\"description\" content=\"Entdecken Sie Gamma von Bettio: Insektenschutz mit Kettenzug und Clic-Clak-System, stets gespanntem Netz, elegantem Design und 23 Farbvarianten.\" \/>\n<meta name=\"robots\" content=\"index, follow, max-snippet:-1, max-image-preview:large, max-video-preview:-1\" \/>\n<link rel=\"canonical\" href=\"https:\/\/maisonshop.ch\/de\/insektenschutz\/gamma\/\" \/>\n<meta property=\"og:locale\" content=\"de_DE\" \/>\n<meta property=\"og:type\" content=\"article\" \/>\n<meta property=\"og:title\" content=\"Gamma \u2013 Insektenschutz mit Kettenbedienung und Clic-Clak-System\" \/>\n<meta property=\"og:description\" content=\"Entdecken Sie Gamma von Bettio: Insektenschutz mit Kettenzug und Clic-Clak-System, stets gespanntem Netz, elegantem Design und 23 Farbvarianten.\" \/>\n<meta property=\"og:url\" content=\"https:\/\/maisonshop.ch\/de\/insektenschutz\/gamma\/\" \/>\n<meta property=\"og:site_name\" content=\"Maisonshop.ch\" \/>\n<meta property=\"article:publisher\" content=\"https:\/\/www.facebook.com\/MaisonShopCh\" \/>\n<meta property=\"article:modified_time\" content=\"2025-10-21T06:59:48+00:00\" \/>\n<meta name=\"twitter:card\" content=\"summary_large_image\" \/>\n<meta name=\"twitter:label1\" content=\"Gesch\u00e4tzte Lesezeit\" \/>\n\t<meta name=\"twitter:data1\" content=\"9\u00a0Minuten\" \/>\n<script type=\"application\/ld+json\" class=\"yoast-schema-graph\">{\"@context\":\"https:\/\/schema.org\",\"@graph\":[{\"@type\":\"WebPage\",\"@id\":\"https:\/\/maisonshop.ch\/de\/insektenschutz\/gamma\/\",\"url\":\"https:\/\/maisonshop.ch\/de\/insektenschutz\/gamma\/\",\"name\":\"Gamma \u2013 Insektenschutz mit Kettenbedienung und Clic-Clak-System\",\"isPartOf\":{\"@id\":\"https:\/\/maisonshop.ch\/de\/#website\"},\"datePublished\":\"2022-12-13T14:25:43+00:00\",\"dateModified\":\"2025-10-21T06:59:48+00:00\",\"description\":\"Entdecken Sie Gamma von Bettio: Insektenschutz mit Kettenzug und Clic-Clak-System, stets gespanntem Netz, elegantem Design und 23 Farbvarianten.\",\"breadcrumb\":{\"@id\":\"https:\/\/maisonshop.ch\/de\/insektenschutz\/gamma\/#breadcrumb\"},\"inLanguage\":\"de\",\"potentialAction\":[{\"@type\":\"ReadAction\",\"target\":[\"https:\/\/maisonshop.ch\/de\/insektenschutz\/gamma\/\"]}]},{\"@type\":\"BreadcrumbList\",\"@id\":\"https:\/\/maisonshop.ch\/de\/insektenschutz\/gamma\/#breadcrumb\",\"itemListElement\":[{\"@type\":\"ListItem\",\"position\":1,\"name\":\"Home\",\"item\":\"https:\/\/maisonshop.ch\/de\/home\/\"},{\"@type\":\"ListItem\",\"position\":2,\"name\":\"Insektenschutz\",\"item\":\"https:\/\/maisonshop.ch\/de\/dienstleistungen\/insektenschutz\/\"},{\"@type\":\"ListItem\",\"position\":3,\"name\":\"Gamma\"}]},{\"@type\":\"WebSite\",\"@id\":\"https:\/\/maisonshop.ch\/de\/#website\",\"url\":\"https:\/\/maisonshop.ch\/de\/\",\"name\":\"Maisonshop.ch\",\"description\":\"Le ma\u00eetre d\u00e9corateur\",\"publisher\":{\"@id\":\"https:\/\/maisonshop.ch\/de\/#organization\"},\"alternateName\":\"Maison Shop\",\"potentialAction\":[{\"@type\":\"SearchAction\",\"target\":{\"@type\":\"EntryPoint\",\"urlTemplate\":\"https:\/\/maisonshop.ch\/de\/?s={search_term_string}\"},\"query-input\":{\"@type\":\"PropertyValueSpecification\",\"valueRequired\":true,\"valueName\":\"search_term_string\"}}],\"inLanguage\":\"de\"},{\"@type\":\"Organization\",\"@id\":\"https:\/\/maisonshop.ch\/de\/#organization\",\"name\":\"Maisonshop.ch Sagl\",\"url\":\"https:\/\/maisonshop.ch\/de\/\",\"logo\":{\"@type\":\"ImageObject\",\"inLanguage\":\"de\",\"@id\":\"https:\/\/maisonshop.ch\/de\/#\/schema\/logo\/image\/\",\"url\":\"https:\/\/maisonshop.ch\/wp-content\/uploads\/2022\/10\/ms-logo-400x90cm.png\",\"contentUrl\":\"https:\/\/maisonshop.ch\/wp-content\/uploads\/2022\/10\/ms-logo-400x90cm.png\",\"width\":400,\"height\":90,\"caption\":\"Maisonshop.ch Sagl\"},\"image\":{\"@id\":\"https:\/\/maisonshop.ch\/de\/#\/schema\/logo\/image\/\"},\"sameAs\":[\"https:\/\/www.facebook.com\/MaisonShopCh\"]}]}<\/script>\n<!-- \/ Yoast SEO plugin. -->","yoast_head_json":{"title":"Gamma \u2013 Insektenschutz mit Kettenbedienung und Clic-Clak-System","description":"Entdecken Sie Gamma von Bettio: Insektenschutz mit Kettenzug und Clic-Clak-System, stets gespanntem Netz, elegantem Design und 23 Farbvarianten.","robots":{"index":"index","follow":"follow","max-snippet":"max-snippet:-1","max-image-preview":"max-image-preview:large","max-video-preview":"max-video-preview:-1"},"canonical":"https:\/\/maisonshop.ch\/de\/insektenschutz\/gamma\/","og_locale":"de_DE","og_type":"article","og_title":"Gamma \u2013 Insektenschutz mit Kettenbedienung und Clic-Clak-System","og_description":"Entdecken Sie Gamma von Bettio: Insektenschutz mit Kettenzug und Clic-Clak-System, stets gespanntem Netz, elegantem Design und 23 Farbvarianten.","og_url":"https:\/\/maisonshop.ch\/de\/insektenschutz\/gamma\/","og_site_name":"Maisonshop.ch","article_publisher":"https:\/\/www.facebook.com\/MaisonShopCh","article_modified_time":"2025-10-21T06:59:48+00:00","twitter_card":"summary_large_image","twitter_misc":{"Gesch\u00e4tzte Lesezeit":"9\u00a0Minuten"},"schema":{"@context":"https:\/\/schema.org","@graph":[{"@type":"WebPage","@id":"https:\/\/maisonshop.ch\/de\/insektenschutz\/gamma\/","url":"https:\/\/maisonshop.ch\/de\/insektenschutz\/gamma\/","name":"Gamma \u2013 Insektenschutz mit Kettenbedienung und Clic-Clak-System","isPartOf":{"@id":"https:\/\/maisonshop.ch\/de\/#website"},"datePublished":"2022-12-13T14:25:43+00:00","dateModified":"2025-10-21T06:59:48+00:00","description":"Entdecken Sie Gamma von Bettio: Insektenschutz mit Kettenzug und Clic-Clak-System, stets gespanntem Netz, elegantem Design und 23 Farbvarianten.","breadcrumb":{"@id":"https:\/\/maisonshop.ch\/de\/insektenschutz\/gamma\/#breadcrumb"},"inLanguage":"de","potentialAction":[{"@type":"ReadAction","target":["https:\/\/maisonshop.ch\/de\/insektenschutz\/gamma\/"]}]},{"@type":"BreadcrumbList","@id":"https:\/\/maisonshop.ch\/de\/insektenschutz\/gamma\/#breadcrumb","itemListElement":[{"@type":"ListItem","position":1,"name":"Home","item":"https:\/\/maisonshop.ch\/de\/home\/"},{"@type":"ListItem","position":2,"name":"Insektenschutz","item":"https:\/\/maisonshop.ch\/de\/dienstleistungen\/insektenschutz\/"},{"@type":"ListItem","position":3,"name":"Gamma"}]},{"@type":"WebSite","@id":"https:\/\/maisonshop.ch\/de\/#website","url":"https:\/\/maisonshop.ch\/de\/","name":"Maisonshop.ch","description":"Le ma\u00eetre d\u00e9corateur","publisher":{"@id":"https:\/\/maisonshop.ch\/de\/#organization"},"alternateName":"Maison Shop","potentialAction":[{"@type":"SearchAction","target":{"@type":"EntryPoint","urlTemplate":"https:\/\/maisonshop.ch\/de\/?s={search_term_string}"},"query-input":{"@type":"PropertyValueSpecification","valueRequired":true,"valueName":"search_term_string"}}],"inLanguage":"de"},{"@type":"Organization","@id":"https:\/\/maisonshop.ch\/de\/#organization","name":"Maisonshop.ch Sagl","url":"https:\/\/maisonshop.ch\/de\/","logo":{"@type":"ImageObject","inLanguage":"de","@id":"https:\/\/maisonshop.ch\/de\/#\/schema\/logo\/image\/","url":"https:\/\/maisonshop.ch\/wp-content\/uploads\/2022\/10\/ms-logo-400x90cm.png","contentUrl":"https:\/\/maisonshop.ch\/wp-content\/uploads\/2022\/10\/ms-logo-400x90cm.png","width":400,"height":90,"caption":"Maisonshop.ch Sagl"},"image":{"@id":"https:\/\/maisonshop.ch\/de\/#\/schema\/logo\/image\/"},"sameAs":["https:\/\/www.facebook.com\/MaisonShopCh"]}]}},"_links":{"self":[{"href":"https:\/\/maisonshop.ch\/de\/wp-json\/wp\/v2\/pages\/5870","targetHints":{"allow":["GET"]}}],"collection":[{"href":"https:\/\/maisonshop.ch\/de\/wp-json\/wp\/v2\/pages"}],"about":[{"href":"https:\/\/maisonshop.ch\/de\/wp-json\/wp\/v2\/types\/page"}],"author":[{"embeddable":true,"href":"https:\/\/maisonshop.ch\/de\/wp-json\/wp\/v2\/users\/1"}],"replies":[{"embeddable":true,"href":"https:\/\/maisonshop.ch\/de\/wp-json\/wp\/v2\/comments?post=5870"}],"version-history":[{"count":2,"href":"https:\/\/maisonshop.ch\/de\/wp-json\/wp\/v2\/pages\/5870\/revisions"}],"predecessor-version":[{"id":5872,"href":"https:\/\/maisonshop.ch\/de\/wp-json\/wp\/v2\/pages\/5870\/revisions\/5872"}],"up":[{"embeddable":true,"href":"https:\/\/maisonshop.ch\/de\/wp-json\/wp\/v2\/pages\/4533"}],"wp:attachment":[{"href":"https:\/\/maisonshop.ch\/de\/wp-json\/wp\/v2\/media?parent=5870"}],"curies":[{"name":"wp","href":"https:\/\/api.w.org\/{rel}","templated":true}]}}