{"id":5873,"date":"2022-12-13T10:47:13","date_gmt":"2022-12-13T09:47:13","guid":{"rendered":"https:\/\/maisonshop.ch\/insektenschutz\/katia\/"},"modified":"2025-10-21T09:03:36","modified_gmt":"2025-10-21T07:03:36","slug":"katia","status":"publish","type":"page","link":"https:\/\/maisonshop.ch\/de\/insektenschutz\/katia\/","title":{"rendered":"Katia"},"content":{"rendered":"<p><div class=\"fusion-fullwidth fullwidth-box fusion-builder-row-1 fusion-flex-container has-pattern-background has-mask-background nonhundred-percent-fullwidth non-hundred-percent-height-scrolling\" style=\"--awb-border-radius-top-left:0px;--awb-border-radius-top-right:0px;--awb-border-radius-bottom-right:0px;--awb-border-radius-bottom-left:0px;--awb-padding-top:2%;--awb-padding-bottom:0%;--awb-flex-wrap:wrap;\" ><div class=\"fusion-builder-row fusion-row fusion-flex-align-items-flex-start fusion-flex-content-wrap\" style=\"max-width:1320.8px;margin-left: calc(-4% \/ 2 );margin-right: calc(-4% \/ 2 );\"><div class=\"fusion-layout-column fusion_builder_column fusion-builder-column-0 fusion_builder_column_1_1 1_1 fusion-flex-column\" style=\"--awb-bg-size:cover;--awb-width-large:100%;--awb-margin-top-large:25px;--awb-spacing-right-large:1.92%;--awb-margin-bottom-large:25px;--awb-spacing-left-large:1.92%;--awb-width-medium:100%;--awb-order-medium:0;--awb-spacing-right-medium:1.92%;--awb-spacing-left-medium:1.92%;--awb-width-small:100%;--awb-order-small:0;--awb-spacing-right-small:1.92%;--awb-spacing-left-small:1.92%;\"><div class=\"fusion-column-wrapper fusion-column-has-shadow fusion-flex-justify-content-flex-start fusion-content-layout-column\"><div class=\"fusion-title title fusion-title-1 fusion-sep-none fusion-title-text fusion-title-size-two\" style=\"--awb-margin-top-small:8px;--awb-margin-right-small:0px;--awb-margin-bottom-small:16px;--awb-margin-left-small:0px;\"><h2 class=\"fusion-title-heading title-heading-left fusion-responsive-typography-calculated\" style=\"margin:0;--fontSize:44;line-height:1.26;\">Katia \u2013 Insektenschutzrollo mit vertikalem Lauf<\/h2><\/div><\/div><\/div><\/div><\/div><div class=\"fusion-fullwidth fullwidth-box fusion-builder-row-2 fusion-flex-container has-pattern-background has-mask-background nonhundred-percent-fullwidth non-hundred-percent-height-scrolling\" style=\"--awb-border-radius-top-left:0px;--awb-border-radius-top-right:0px;--awb-border-radius-bottom-right:0px;--awb-border-radius-bottom-left:0px;--awb-padding-top:0px;--awb-flex-wrap:wrap;\" ><div class=\"fusion-builder-row fusion-row fusion-flex-align-items-flex-start fusion-flex-content-wrap\" style=\"max-width:1320.8px;margin-left: calc(-4% \/ 2 );margin-right: calc(-4% \/ 2 );\"><div class=\"fusion-layout-column fusion_builder_column fusion-builder-column-1 fusion_builder_column_1_2 1_2 fusion-flex-column\" style=\"--awb-bg-size:cover;--awb-width-large:50%;--awb-margin-top-large:25px;--awb-spacing-right-large:3.84%;--awb-margin-bottom-large:25px;--awb-spacing-left-large:3.84%;--awb-width-medium:100%;--awb-order-medium:0;--awb-spacing-right-medium:1.92%;--awb-spacing-left-medium:1.92%;--awb-width-small:100%;--awb-order-small:0;--awb-spacing-right-small:1.92%;--awb-spacing-left-small:1.92%;\"><div class=\"fusion-column-wrapper fusion-column-has-shadow fusion-flex-justify-content-flex-start fusion-content-layout-column\"><div class=\"fusion-image-element \" style=\"--awb-caption-title-font-family:var(--h2_typography-font-family);--awb-caption-title-font-weight:var(--h2_typography-font-weight);--awb-caption-title-font-style:var(--h2_typography-font-style);--awb-caption-title-size:var(--h2_typography-font-size);--awb-caption-title-transform:var(--h2_typography-text-transform);--awb-caption-title-line-height:var(--h2_typography-line-height);--awb-caption-title-letter-spacing:var(--h2_typography-letter-spacing);\"><span class=\" fusion-imageframe imageframe-none imageframe-1 hover-type-zoomin\"><a href=\"https:\/\/maisonshop.ch\/wp-content\/uploads\/2022\/11\/katia-zanzariera.jpg\" class=\"fusion-lightbox\" data-rel=\"iLightbox[1424162d6dab85d1a95]\" data-title=\"Zanzariera Katia\" title=\"Zanzariera Katia\"><img decoding=\"async\" width=\"600\" height=\"600\" alt=\"Katia \u2013 Insektenschutzrollo mit vertikalem Lauf \" src=\"https:\/\/maisonshop.ch\/wp-content\/uploads\/2022\/11\/katia-zanzariera.jpg\" data-orig-src=\"https:\/\/maisonshop.ch\/wp-content\/uploads\/2022\/11\/katia-zanzariera-600x600.jpg\" class=\"lazyload img-responsive wp-image-4208\" srcset=\"data:image\/svg+xml,%3Csvg%20xmlns%3D%27http%3A%2F%2Fwww.w3.org%2F2000%2Fsvg%27%20width%3D%271000%27%20height%3D%271000%27%20viewBox%3D%270%200%201000%201000%27%3E%3Crect%20width%3D%271000%27%20height%3D%271000%27%20fill-opacity%3D%220%22%2F%3E%3C%2Fsvg%3E\" data-srcset=\"https:\/\/maisonshop.ch\/wp-content\/uploads\/2022\/11\/katia-zanzariera-200x200.jpg 200w, https:\/\/maisonshop.ch\/wp-content\/uploads\/2022\/11\/katia-zanzariera-400x400.jpg 400w, https:\/\/maisonshop.ch\/wp-content\/uploads\/2022\/11\/katia-zanzariera-600x600.jpg 600w, https:\/\/maisonshop.ch\/wp-content\/uploads\/2022\/11\/katia-zanzariera-800x800.jpg 800w, https:\/\/maisonshop.ch\/wp-content\/uploads\/2022\/11\/katia-zanzariera.jpg 1000w\" data-sizes=\"auto\" data-orig-sizes=\"(max-width: 1024px) 100vw, (max-width: 640px) 100vw, 600px\" \/><\/a><\/span><\/div><ul style=\"--awb-size:16px;--awb-line-height:27.2px;--awb-icon-width:27.2px;--awb-icon-height:27.2px;--awb-icon-margin:11.2px;--awb-content-margin:38.4px;--awb-circlecolor:var(--awb-color2);--awb-circle-yes-font-size:14.08px;\" class=\"fusion-checklist fusion-checklist-1 fusion-checklist-default type-icons\"><li class=\"fusion-li-item\" style=\"\"><span class=\"icon-wrapper circle-yes\"><i class=\"fusion-li-icon fa-file-alt fas\" aria-hidden=\"true\"><\/i><\/span><div class=\"fusion-li-item-content\">\n<p><a href=\"https:\/\/maisonshop.ch\/wp-content\/uploads\/2022\/11\/katia.pdf\">Technisches Datenblatt<\/a><\/p>\n<\/div><\/li><li class=\"fusion-li-item\" style=\"\"><span class=\"icon-wrapper circle-yes\"><i class=\"fusion-li-icon fa-swatchbook fas\" aria-hidden=\"true\"><\/i><\/span><div class=\"fusion-li-item-content\">\n<p>Farben<\/p>\n<\/div><\/li><\/ul><a class=\"awb-lightbox awb-lightbox-1\" data-title=\"Colori\" title=\"Colori\" href=\"https:\/\/maisonshop.ch\/wp-content\/uploads\/2022\/12\/colori-katia.jpg\" data-caption=\"Farben des Insektenschutzgitters Katia\" data-rel=\"iLightbox\"><img class=\"lazyload\" decoding=\"async\" src=\"data:image\/svg+xml,%3Csvg%20xmlns%3D%27http%3A%2F%2Fwww.w3.org%2F2000%2Fsvg%27%20width%3D%27200%27%20height%3D%27159%27%20viewBox%3D%270%200%20200%20159%27%3E%3Crect%20width%3D%27200%27%20height%3D%27159%27%20fill-opacity%3D%220%22%2F%3E%3C%2Fsvg%3E\" data-orig-src=\"https:\/\/maisonshop.ch\/wp-content\/uploads\/2022\/12\/colori-katia-200x159.jpg\" alt=\"Farben des Insektenschutzgitters Katia\"><\/a><div class=\"fusion-video fusion-youtube\" style=\"--awb-max-width:600px;--awb-max-height:360px;\"><div class=\"video-shortcode\"><lite-youtube videoid=\"GY55dmz3cMA\" class=\"landscape\" params=\"wmode=transparent&autoplay=1&amp;enablejsapi=1\" title=\"YouTube video player 1\" data-button-label=\"Play Video\" width=\"600\" height=\"360\" data-thumbnail-size=\"auto\" data-no-cookie=\"on\"><\/lite-youtube><\/div><\/div><\/div><\/div><div class=\"fusion-layout-column fusion_builder_column fusion-builder-column-2 fusion_builder_column_1_2 1_2 fusion-flex-column\" style=\"--awb-bg-size:cover;--awb-width-large:50%;--awb-margin-top-large:25px;--awb-spacing-right-large:3.84%;--awb-margin-bottom-large:25px;--awb-spacing-left-large:3.84%;--awb-width-medium:100%;--awb-order-medium:0;--awb-spacing-right-medium:1.92%;--awb-spacing-left-medium:1.92%;--awb-width-small:100%;--awb-order-small:0;--awb-spacing-right-small:1.92%;--awb-spacing-left-small:1.92%;\"><div class=\"fusion-column-wrapper fusion-column-has-shadow fusion-flex-justify-content-flex-start fusion-content-layout-column\"><div class=\"fusion-text fusion-text-1\"><p>Die Verwendung eines Insektenschutzgitters bietet enorme Vorteile: Es sch\u00fctzt das Zuhause vor gef\u00e4hrlichen Insektenwie der Tigerm\u00fccke, l\u00e4sst jedoch Sonnenlicht und frische Luft herein \u2013 f\u00fcr ein ges\u00fcnderes Wohnklima. <\/p>\n<p>Dank moderner Materialien und innovativer Technik verf\u00fcgen die heutigen Insektenschutzsysteme f\u00fcr Fenster und Fenstert\u00fcren \u00fcber herausragende Haltbarkeit und Leistung.<br \/>Zudem passen sie sich durch ihr ansprechendes Design perfekt an jede Einrichtung an. <\/p>\n<p>Katia ist ein vertikal verschiebbares Insektenschutzrollo, schlank und komfortabel, ausgestattet mit einer Kettenbedienung, die eine pr\u00e4zise Einstellung erm\u00f6glicht, ohne sich b\u00fccken zu m\u00fcssen.<br \/>Mit einem Standardkasten von 60 mm \u2013 auf Wunsch auf 50 mm reduzierbar \u2013 geh\u00f6rt Katia zu den d\u00fcnnsten Modellen auf dem Markt.<br \/>Trotzdem kann sie Fl\u00e4chen bis 2,50 \u00d7 3,00 m abdecken und ist somit ideal f\u00fcr grosse Fenster.  <\/p>\n<p>Die Aluminiumteile sind in 24 Farben erh\u00e4ltlich, passend zu klassischen und modernen Einrichtungsstilen.<br \/>Das Katia-Modell verf\u00fcgt \u00fcber ein Windschutzband mit Kn\u00f6pfen, das zus\u00e4tzliche Stabilit\u00e4t bietet. <\/p>\n<p>Katia ist auch mit Doppelkette (innen und aussen) erh\u00e4ltlich, um allen Anforderungen gerecht zu werden.<\/p>\n<p>Dank der teleskopischen F\u00fchrungsschienen l\u00e4sst sich die Zanzariere auch bei unebenen W\u00e4nden oder nicht rechtwinkligen Einbausituationen perfekt montieren \u2013 mit einer Dehnung von bis zu 14 mm pro Seite.<\/p>\n<p>F\u00fcr alle, die eine bequeme und funktionale L\u00f6sung suchen, ist Katia von Bettio die Weiterentwicklung der klassischen Insektenschutzrollos \u2013 vielseitig, zuverl\u00e4ssig und f\u00fcr Fenster wie auch Fenstert\u00fcren geeignet.<\/p>\n<\/div><\/div><\/div><\/div><\/div><\/p>\n","protected":false},"excerpt":{"rendered":"","protected":false},"author":1,"featured_media":0,"parent":4533,"menu_order":0,"comment_status":"closed","ping_status":"closed","template":"side-navigation.php","meta":{"_monsterinsights_skip_tracking":false,"_monsterinsights_sitenote_active":false,"_monsterinsights_sitenote_note":"","_monsterinsights_sitenote_category":0,"_themeisle_gutenberg_block_has_review":false,"footnotes":""},"class_list":["post-5873","page","type-page","status-publish","hentry"],"yoast_head":"<!-- This site is optimized with the Yoast SEO plugin v27.2 - https:\/\/yoast.com\/product\/yoast-seo-wordpress\/ -->\n<title>Katia \u2013 Vertikal verschiebbares Insektenschutzrollo von Bettio<\/title>\n<meta name=\"description\" content=\"Katia von Bettio: schlankes vertikales Insektenschutzrollo mit Kettenbedienung, 24 Farben und bis 3 m H\u00f6he \u2013 elegant und funktional.\" \/>\n<meta name=\"robots\" content=\"index, follow, max-snippet:-1, max-image-preview:large, max-video-preview:-1\" \/>\n<link rel=\"canonical\" href=\"https:\/\/maisonshop.ch\/de\/insektenschutz\/katia\/\" \/>\n<meta property=\"og:locale\" content=\"de_DE\" \/>\n<meta property=\"og:type\" content=\"article\" \/>\n<meta property=\"og:title\" content=\"Katia \u2013 Vertikal verschiebbares Insektenschutzrollo von Bettio\" \/>\n<meta property=\"og:description\" content=\"Katia von Bettio: schlankes vertikales Insektenschutzrollo mit Kettenbedienung, 24 Farben und bis 3 m H\u00f6he \u2013 elegant und funktional.\" \/>\n<meta property=\"og:url\" content=\"https:\/\/maisonshop.ch\/de\/insektenschutz\/katia\/\" \/>\n<meta property=\"og:site_name\" content=\"Maisonshop.ch\" \/>\n<meta property=\"article:publisher\" content=\"https:\/\/www.facebook.com\/MaisonShopCh\" \/>\n<meta property=\"article:modified_time\" content=\"2025-10-21T07:03:36+00:00\" \/>\n<meta name=\"twitter:card\" content=\"summary_large_image\" \/>\n<meta name=\"twitter:label1\" content=\"Gesch\u00e4tzte Lesezeit\" \/>\n\t<meta name=\"twitter:data1\" content=\"8\u00a0Minuten\" \/>\n<script type=\"application\/ld+json\" class=\"yoast-schema-graph\">{\"@context\":\"https:\/\/schema.org\",\"@graph\":[{\"@type\":\"WebPage\",\"@id\":\"https:\/\/maisonshop.ch\/de\/insektenschutz\/katia\/\",\"url\":\"https:\/\/maisonshop.ch\/de\/insektenschutz\/katia\/\",\"name\":\"Katia \u2013 Vertikal verschiebbares Insektenschutzrollo von Bettio\",\"isPartOf\":{\"@id\":\"https:\/\/maisonshop.ch\/de\/#website\"},\"datePublished\":\"2022-12-13T09:47:13+00:00\",\"dateModified\":\"2025-10-21T07:03:36+00:00\",\"description\":\"Katia von Bettio: schlankes vertikales Insektenschutzrollo mit Kettenbedienung, 24 Farben und bis 3 m H\u00f6he \u2013 elegant und funktional.\",\"breadcrumb\":{\"@id\":\"https:\/\/maisonshop.ch\/de\/insektenschutz\/katia\/#breadcrumb\"},\"inLanguage\":\"de\",\"potentialAction\":[{\"@type\":\"ReadAction\",\"target\":[\"https:\/\/maisonshop.ch\/de\/insektenschutz\/katia\/\"]}]},{\"@type\":\"BreadcrumbList\",\"@id\":\"https:\/\/maisonshop.ch\/de\/insektenschutz\/katia\/#breadcrumb\",\"itemListElement\":[{\"@type\":\"ListItem\",\"position\":1,\"name\":\"Home\",\"item\":\"https:\/\/maisonshop.ch\/de\/home\/\"},{\"@type\":\"ListItem\",\"position\":2,\"name\":\"Insektenschutz\",\"item\":\"https:\/\/maisonshop.ch\/de\/dienstleistungen\/insektenschutz\/\"},{\"@type\":\"ListItem\",\"position\":3,\"name\":\"Katia\"}]},{\"@type\":\"WebSite\",\"@id\":\"https:\/\/maisonshop.ch\/de\/#website\",\"url\":\"https:\/\/maisonshop.ch\/de\/\",\"name\":\"Maisonshop.ch\",\"description\":\"Le ma\u00eetre d\u00e9corateur\",\"publisher\":{\"@id\":\"https:\/\/maisonshop.ch\/de\/#organization\"},\"alternateName\":\"Maison Shop\",\"potentialAction\":[{\"@type\":\"SearchAction\",\"target\":{\"@type\":\"EntryPoint\",\"urlTemplate\":\"https:\/\/maisonshop.ch\/de\/?s={search_term_string}\"},\"query-input\":{\"@type\":\"PropertyValueSpecification\",\"valueRequired\":true,\"valueName\":\"search_term_string\"}}],\"inLanguage\":\"de\"},{\"@type\":\"Organization\",\"@id\":\"https:\/\/maisonshop.ch\/de\/#organization\",\"name\":\"Maisonshop.ch Sagl\",\"url\":\"https:\/\/maisonshop.ch\/de\/\",\"logo\":{\"@type\":\"ImageObject\",\"inLanguage\":\"de\",\"@id\":\"https:\/\/maisonshop.ch\/de\/#\/schema\/logo\/image\/\",\"url\":\"https:\/\/maisonshop.ch\/wp-content\/uploads\/2022\/10\/ms-logo-400x90cm.png\",\"contentUrl\":\"https:\/\/maisonshop.ch\/wp-content\/uploads\/2022\/10\/ms-logo-400x90cm.png\",\"width\":400,\"height\":90,\"caption\":\"Maisonshop.ch Sagl\"},\"image\":{\"@id\":\"https:\/\/maisonshop.ch\/de\/#\/schema\/logo\/image\/\"},\"sameAs\":[\"https:\/\/www.facebook.com\/MaisonShopCh\"]}]}<\/script>\n<!-- \/ Yoast SEO plugin. -->","yoast_head_json":{"title":"Katia \u2013 Vertikal verschiebbares Insektenschutzrollo von Bettio","description":"Katia von Bettio: schlankes vertikales Insektenschutzrollo mit Kettenbedienung, 24 Farben und bis 3 m H\u00f6he \u2013 elegant und funktional.","robots":{"index":"index","follow":"follow","max-snippet":"max-snippet:-1","max-image-preview":"max-image-preview:large","max-video-preview":"max-video-preview:-1"},"canonical":"https:\/\/maisonshop.ch\/de\/insektenschutz\/katia\/","og_locale":"de_DE","og_type":"article","og_title":"Katia \u2013 Vertikal verschiebbares Insektenschutzrollo von Bettio","og_description":"Katia von Bettio: schlankes vertikales Insektenschutzrollo mit Kettenbedienung, 24 Farben und bis 3 m H\u00f6he \u2013 elegant und funktional.","og_url":"https:\/\/maisonshop.ch\/de\/insektenschutz\/katia\/","og_site_name":"Maisonshop.ch","article_publisher":"https:\/\/www.facebook.com\/MaisonShopCh","article_modified_time":"2025-10-21T07:03:36+00:00","twitter_card":"summary_large_image","twitter_misc":{"Gesch\u00e4tzte Lesezeit":"8\u00a0Minuten"},"schema":{"@context":"https:\/\/schema.org","@graph":[{"@type":"WebPage","@id":"https:\/\/maisonshop.ch\/de\/insektenschutz\/katia\/","url":"https:\/\/maisonshop.ch\/de\/insektenschutz\/katia\/","name":"Katia \u2013 Vertikal verschiebbares Insektenschutzrollo von Bettio","isPartOf":{"@id":"https:\/\/maisonshop.ch\/de\/#website"},"datePublished":"2022-12-13T09:47:13+00:00","dateModified":"2025-10-21T07:03:36+00:00","description":"Katia von Bettio: schlankes vertikales Insektenschutzrollo mit Kettenbedienung, 24 Farben und bis 3 m H\u00f6he \u2013 elegant und funktional.","breadcrumb":{"@id":"https:\/\/maisonshop.ch\/de\/insektenschutz\/katia\/#breadcrumb"},"inLanguage":"de","potentialAction":[{"@type":"ReadAction","target":["https:\/\/maisonshop.ch\/de\/insektenschutz\/katia\/"]}]},{"@type":"BreadcrumbList","@id":"https:\/\/maisonshop.ch\/de\/insektenschutz\/katia\/#breadcrumb","itemListElement":[{"@type":"ListItem","position":1,"name":"Home","item":"https:\/\/maisonshop.ch\/de\/home\/"},{"@type":"ListItem","position":2,"name":"Insektenschutz","item":"https:\/\/maisonshop.ch\/de\/dienstleistungen\/insektenschutz\/"},{"@type":"ListItem","position":3,"name":"Katia"}]},{"@type":"WebSite","@id":"https:\/\/maisonshop.ch\/de\/#website","url":"https:\/\/maisonshop.ch\/de\/","name":"Maisonshop.ch","description":"Le ma\u00eetre d\u00e9corateur","publisher":{"@id":"https:\/\/maisonshop.ch\/de\/#organization"},"alternateName":"Maison Shop","potentialAction":[{"@type":"SearchAction","target":{"@type":"EntryPoint","urlTemplate":"https:\/\/maisonshop.ch\/de\/?s={search_term_string}"},"query-input":{"@type":"PropertyValueSpecification","valueRequired":true,"valueName":"search_term_string"}}],"inLanguage":"de"},{"@type":"Organization","@id":"https:\/\/maisonshop.ch\/de\/#organization","name":"Maisonshop.ch Sagl","url":"https:\/\/maisonshop.ch\/de\/","logo":{"@type":"ImageObject","inLanguage":"de","@id":"https:\/\/maisonshop.ch\/de\/#\/schema\/logo\/image\/","url":"https:\/\/maisonshop.ch\/wp-content\/uploads\/2022\/10\/ms-logo-400x90cm.png","contentUrl":"https:\/\/maisonshop.ch\/wp-content\/uploads\/2022\/10\/ms-logo-400x90cm.png","width":400,"height":90,"caption":"Maisonshop.ch Sagl"},"image":{"@id":"https:\/\/maisonshop.ch\/de\/#\/schema\/logo\/image\/"},"sameAs":["https:\/\/www.facebook.com\/MaisonShopCh"]}]}},"_links":{"self":[{"href":"https:\/\/maisonshop.ch\/de\/wp-json\/wp\/v2\/pages\/5873","targetHints":{"allow":["GET"]}}],"collection":[{"href":"https:\/\/maisonshop.ch\/de\/wp-json\/wp\/v2\/pages"}],"about":[{"href":"https:\/\/maisonshop.ch\/de\/wp-json\/wp\/v2\/types\/page"}],"author":[{"embeddable":true,"href":"https:\/\/maisonshop.ch\/de\/wp-json\/wp\/v2\/users\/1"}],"replies":[{"embeddable":true,"href":"https:\/\/maisonshop.ch\/de\/wp-json\/wp\/v2\/comments?post=5873"}],"version-history":[{"count":3,"href":"https:\/\/maisonshop.ch\/de\/wp-json\/wp\/v2\/pages\/5873\/revisions"}],"predecessor-version":[{"id":5876,"href":"https:\/\/maisonshop.ch\/de\/wp-json\/wp\/v2\/pages\/5873\/revisions\/5876"}],"up":[{"embeddable":true,"href":"https:\/\/maisonshop.ch\/de\/wp-json\/wp\/v2\/pages\/4533"}],"wp:attachment":[{"href":"https:\/\/maisonshop.ch\/de\/wp-json\/wp\/v2\/media?parent=5873"}],"curies":[{"name":"wp","href":"https:\/\/api.w.org\/{rel}","templated":true}]}}