{"id":5883,"date":"2022-12-13T15:38:57","date_gmt":"2022-12-13T14:38:57","guid":{"rendered":"https:\/\/maisonshop.ch\/insektenschutz\/mini\/"},"modified":"2025-10-21T09:28:01","modified_gmt":"2025-10-21T07:28:01","slug":"mini","status":"publish","type":"page","link":"https:\/\/maisonshop.ch\/de\/insektenschutz\/mini\/","title":{"rendered":"Mini"},"content":{"rendered":"<p><div class=\"fusion-fullwidth fullwidth-box fusion-builder-row-1 fusion-flex-container has-pattern-background has-mask-background nonhundred-percent-fullwidth non-hundred-percent-height-scrolling\" style=\"--awb-border-radius-top-left:0px;--awb-border-radius-top-right:0px;--awb-border-radius-bottom-right:0px;--awb-border-radius-bottom-left:0px;--awb-padding-bottom:0px;--awb-flex-wrap:wrap;\" ><div class=\"fusion-builder-row fusion-row fusion-flex-align-items-flex-start fusion-flex-content-wrap\" style=\"max-width:1320.8px;margin-left: calc(-4% \/ 2 );margin-right: calc(-4% \/ 2 );\"><div class=\"fusion-layout-column fusion_builder_column fusion-builder-column-0 fusion_builder_column_1_1 1_1 fusion-flex-column\" style=\"--awb-bg-size:cover;--awb-width-large:100%;--awb-margin-top-large:25px;--awb-spacing-right-large:1.92%;--awb-margin-bottom-large:25px;--awb-spacing-left-large:1.92%;--awb-width-medium:100%;--awb-order-medium:0;--awb-spacing-right-medium:1.92%;--awb-spacing-left-medium:1.92%;--awb-width-small:100%;--awb-order-small:0;--awb-spacing-right-small:1.92%;--awb-spacing-left-small:1.92%;\"><div class=\"fusion-column-wrapper fusion-column-has-shadow fusion-flex-justify-content-flex-start fusion-content-layout-column\"><div class=\"fusion-title title fusion-title-1 fusion-sep-none fusion-title-text fusion-title-size-two\" style=\"--awb-margin-top-small:8px;--awb-margin-right-small:0px;--awb-margin-bottom-small:16px;--awb-margin-left-small:0px;\"><h2 class=\"fusion-title-heading title-heading-left fusion-responsive-typography-calculated\" style=\"margin:0;--fontSize:44;line-height:1.26;\">Mini \u2013 Insektenschutzrollo mit Federmechanismus<\/h2><\/div><\/div><\/div><\/div><\/div><div class=\"fusion-fullwidth fullwidth-box fusion-builder-row-2 fusion-flex-container has-pattern-background has-mask-background nonhundred-percent-fullwidth non-hundred-percent-height-scrolling\" style=\"--awb-border-radius-top-left:0px;--awb-border-radius-top-right:0px;--awb-border-radius-bottom-right:0px;--awb-border-radius-bottom-left:0px;--awb-padding-top:0px;--awb-padding-bottom:0px;--awb-flex-wrap:wrap;\" ><div class=\"fusion-builder-row fusion-row fusion-flex-align-items-flex-start fusion-flex-content-wrap\" style=\"max-width:1320.8px;margin-left: calc(-4% \/ 2 );margin-right: calc(-4% \/ 2 );\"><div class=\"fusion-layout-column fusion_builder_column fusion-builder-column-1 fusion_builder_column_1_2 1_2 fusion-flex-column\" style=\"--awb-bg-size:cover;--awb-width-large:50%;--awb-margin-top-large:25px;--awb-spacing-right-large:3.84%;--awb-margin-bottom-large:25px;--awb-spacing-left-large:3.84%;--awb-width-medium:100%;--awb-order-medium:0;--awb-spacing-right-medium:1.92%;--awb-spacing-left-medium:1.92%;--awb-width-small:100%;--awb-order-small:0;--awb-spacing-right-small:1.92%;--awb-spacing-left-small:1.92%;\"><div class=\"fusion-column-wrapper fusion-column-has-shadow fusion-flex-justify-content-flex-start fusion-content-layout-column\"><div class=\"fusion-image-element \" style=\"--awb-caption-title-font-family:var(--h2_typography-font-family);--awb-caption-title-font-weight:var(--h2_typography-font-weight);--awb-caption-title-font-style:var(--h2_typography-font-style);--awb-caption-title-size:var(--h2_typography-font-size);--awb-caption-title-transform:var(--h2_typography-text-transform);--awb-caption-title-line-height:var(--h2_typography-line-height);--awb-caption-title-letter-spacing:var(--h2_typography-letter-spacing);\"><span class=\" fusion-imageframe imageframe-none imageframe-1 hover-type-zoomin\"><a href=\"https:\/\/maisonshop.ch\/wp-content\/uploads\/2022\/11\/mini-zanzariera.jpg\" class=\"fusion-lightbox\" data-rel=\"iLightbox[1d85d34d7945c28b57e]\" data-title=\"Zanzariera Mini\" title=\"Zanzariera Mini\"><img decoding=\"async\" width=\"600\" height=\"600\" alt=\"Mini \u2013 Insektenschutzrollo mit Federmechanismus\" src=\"https:\/\/maisonshop.ch\/wp-content\/uploads\/2022\/11\/mini-zanzariera.jpg\" data-orig-src=\"https:\/\/maisonshop.ch\/wp-content\/uploads\/2022\/11\/mini-zanzariera-600x600.jpg\" class=\"lazyload img-responsive wp-image-4210\" srcset=\"data:image\/svg+xml,%3Csvg%20xmlns%3D%27http%3A%2F%2Fwww.w3.org%2F2000%2Fsvg%27%20width%3D%271000%27%20height%3D%271000%27%20viewBox%3D%270%200%201000%201000%27%3E%3Crect%20width%3D%271000%27%20height%3D%271000%27%20fill-opacity%3D%220%22%2F%3E%3C%2Fsvg%3E\" data-srcset=\"https:\/\/maisonshop.ch\/wp-content\/uploads\/2022\/11\/mini-zanzariera-200x200.jpg 200w, https:\/\/maisonshop.ch\/wp-content\/uploads\/2022\/11\/mini-zanzariera-400x400.jpg 400w, https:\/\/maisonshop.ch\/wp-content\/uploads\/2022\/11\/mini-zanzariera-600x600.jpg 600w, https:\/\/maisonshop.ch\/wp-content\/uploads\/2022\/11\/mini-zanzariera-800x800.jpg 800w, https:\/\/maisonshop.ch\/wp-content\/uploads\/2022\/11\/mini-zanzariera.jpg 1000w\" data-sizes=\"auto\" data-orig-sizes=\"(max-width: 1024px) 100vw, (max-width: 640px) 100vw, 600px\" \/><\/a><\/span><\/div><ul style=\"--awb-size:16px;--awb-line-height:27.2px;--awb-icon-width:27.2px;--awb-icon-height:27.2px;--awb-icon-margin:11.2px;--awb-content-margin:38.4px;--awb-circlecolor:var(--awb-color2);--awb-circle-yes-font-size:14.08px;\" class=\"fusion-checklist fusion-checklist-1 fusion-checklist-default type-icons\"><li class=\"fusion-li-item\" style=\"\"><span class=\"icon-wrapper circle-yes\"><i class=\"fusion-li-icon fa-file-alt fas\" aria-hidden=\"true\"><\/i><\/span><div class=\"fusion-li-item-content\">\n<p><a href=\"https:\/\/maisonshop.ch\/wp-content\/uploads\/2022\/11\/mini.pdf\">Technisches Datenblatt<\/a><\/p>\n<\/div><\/li><li class=\"fusion-li-item\" style=\"\"><span class=\"icon-wrapper circle-yes\"><i class=\"fusion-li-icon fa-swatchbook fas\" aria-hidden=\"true\"><\/i><\/span><div class=\"fusion-li-item-content\">\n<p>Farben<\/p>\n<\/div><\/li><\/ul><a class=\"awb-lightbox awb-lightbox-1\" data-title=\"Colori zanzariera Mini\" title=\"Colori zanzariera Mini\" href=\"https:\/\/maisonshop.ch\/wp-content\/uploads\/2022\/12\/colori-mini.jpg\" data-caption=\"Farben des Insektenschutzgitters Mini\" data-rel=\"iLightbox\"><img class=\"lazyload\" decoding=\"async\" src=\"data:image\/svg+xml,%3Csvg%20xmlns%3D%27http%3A%2F%2Fwww.w3.org%2F2000%2Fsvg%27%20width%3D%27200%27%20height%3D%27114%27%20viewBox%3D%270%200%20200%20114%27%3E%3Crect%20width%3D%27200%27%20height%3D%27114%27%20fill-opacity%3D%220%22%2F%3E%3C%2Fsvg%3E\" data-orig-src=\"https:\/\/maisonshop.ch\/wp-content\/uploads\/2022\/12\/colori-mini-200x114.jpg\" alt=\"Farben des Insektenschutzgitters Mini\"><\/a><\/div><\/div><div class=\"fusion-layout-column fusion_builder_column fusion-builder-column-2 fusion_builder_column_1_2 1_2 fusion-flex-column\" style=\"--awb-bg-size:cover;--awb-width-large:50%;--awb-margin-top-large:25px;--awb-spacing-right-large:3.84%;--awb-margin-bottom-large:25px;--awb-spacing-left-large:3.84%;--awb-width-medium:100%;--awb-order-medium:0;--awb-spacing-right-medium:1.92%;--awb-spacing-left-medium:1.92%;--awb-width-small:100%;--awb-order-small:0;--awb-spacing-right-small:1.92%;--awb-spacing-left-small:1.92%;\"><div class=\"fusion-column-wrapper fusion-column-has-shadow fusion-flex-justify-content-flex-start fusion-content-layout-column\"><div class=\"fusion-text fusion-text-1\"><p>M\u00fccken sind \u00dcbertr\u00e4ger von Infektionen und Krankheiten und k\u00f6nnen f\u00fcr den Menschen gef\u00e4hrlich werden, da sie mit unserem Blut in Kontakt kommen.<br \/>Auch wenn die Kontrolle dieser Insekten in der Schweiz sehr effektiv ist und keine Krankheitsf\u00e4lle durch M\u00fcckenstiche registriert werden, wird empfohlen, einige einfache Massnahmen im Haushalt zu befolgen, um die Gesundheit zu sch\u00fctzen \u2013 etwa stehendes Wasser zu vermeiden, in dem M\u00fccken ihre Eier ablegen, oder Insektenschutzgitter an Fenstern zu installieren.  <\/p>\n<p>Eine wirklich innovative und \u00fcberraschende L\u00f6sung bietet Mini von Bettio, <strong>das d\u00fcnnste<\/strong> <strong>Insektenschutzrollo<\/strong> der Welt. Mit einem Kasten von nur 31 mm ist es praktisch unsichtbar und ideal f\u00fcr Einbausituationen mit wenig Platz. <\/p>\n<p>Ein weiteres besonderes Merkmal dieses Modells ist das Glasfasernetz ohne klassische Windstop-Kn\u00f6pfe, wie sie bei anderen Bettio-Modellen \u00fcblich sind. Stattdessen verf\u00fcgt Mini \u00fcber ein patentiertes System, das verhindert, dass das Netz bei starkem Wind aus der F\u00fchrung rutscht:Ein verl\u00e4ngerter, steiferer B\u00fcrsteneinsatz greift in das Gewebe ein und h\u00e4lt es sicher in Position.<\/p>\n<\/div><\/div><\/div><\/div><\/div><div class=\"fusion-fullwidth fullwidth-box fusion-builder-row-3 fusion-flex-container has-pattern-background has-mask-background nonhundred-percent-fullwidth non-hundred-percent-height-scrolling\" style=\"--awb-border-radius-top-left:0px;--awb-border-radius-top-right:0px;--awb-border-radius-bottom-right:0px;--awb-border-radius-bottom-left:0px;--awb-padding-top:0px;--awb-flex-wrap:wrap;\" ><div class=\"fusion-builder-row fusion-row fusion-flex-align-items-flex-start fusion-flex-content-wrap\" style=\"max-width:1320.8px;margin-left: calc(-4% \/ 2 );margin-right: calc(-4% \/ 2 );\"><div class=\"fusion-layout-column fusion_builder_column fusion-builder-column-3 fusion_builder_column_1_1 1_1 fusion-flex-column\" style=\"--awb-bg-size:cover;--awb-width-large:100%;--awb-margin-top-large:25px;--awb-spacing-right-large:1.92%;--awb-margin-bottom-large:25px;--awb-spacing-left-large:1.92%;--awb-width-medium:100%;--awb-order-medium:0;--awb-spacing-right-medium:1.92%;--awb-spacing-left-medium:1.92%;--awb-width-small:100%;--awb-order-small:0;--awb-spacing-right-small:1.92%;--awb-spacing-left-small:1.92%;\"><div class=\"fusion-column-wrapper fusion-column-has-shadow fusion-flex-justify-content-flex-start fusion-content-layout-column\"><div class=\"fusion-text fusion-text-2\"><p><span style=\"color: var(--body_typography-color); font-family: var(--body_typography-font-family); font-size: var(--body_typography-font-size); font-style: var(--body_typography-font-style,normal); letter-spacing: var(--body_typography-letter-spacing);\">Die Aluminiumteile sind in allen <strong>24 Farben<\/strong> des Herstellers erh\u00e4ltlich.<br \/>Als optionales Zubeh\u00f6r ist eine Kupplungsbremse verf\u00fcgbar, die verhindert, dass sich das Rollo zu schnell schliesst, falls der Griff aus der Hand gleitet.<br \/>Der Griff ist horizontal verstellbar, um die Bedienung noch komfortabler zu machen. <\/span><\/p>\n<p>Das Mini-Rollo eignet sich nicht f\u00fcr sehr grosse \u00d6ffnungen, ist jedoch ideal f\u00fcr Fenster bis 1,80 \u00d7 1,58 m \u2013 kompakt, funktional und sicher.<\/p>\n<\/div><\/div><\/div><\/div><\/div><\/p>\n","protected":false},"excerpt":{"rendered":"","protected":false},"author":1,"featured_media":0,"parent":4533,"menu_order":0,"comment_status":"closed","ping_status":"closed","template":"side-navigation.php","meta":{"_monsterinsights_skip_tracking":false,"_monsterinsights_sitenote_active":false,"_monsterinsights_sitenote_note":"","_monsterinsights_sitenote_category":0,"_themeisle_gutenberg_block_has_review":false,"footnotes":""},"class_list":["post-5883","page","type-page","status-publish","hentry"],"yoast_head":"<!-- This site is optimized with the Yoast SEO plugin v27.2 - https:\/\/yoast.com\/product\/yoast-seo-wordpress\/ -->\n<title>Mini \u2013 Insektenschutzrollo mit Federmechanismus<\/title>\n<meta name=\"description\" content=\"Mini von Bettio ist ein Feder-Insektenschutzrollo f\u00fcr Fenster. Das d\u00fcnnste Insektenschutzrollo der Welt \u2013 mit einem Kastengeh\u00e4use von nur 31 mm St\u00e4rke.\" \/>\n<meta name=\"robots\" content=\"index, follow, max-snippet:-1, max-image-preview:large, max-video-preview:-1\" \/>\n<link rel=\"canonical\" href=\"https:\/\/maisonshop.ch\/de\/insektenschutz\/mini\/\" \/>\n<meta property=\"og:locale\" content=\"de_DE\" \/>\n<meta property=\"og:type\" content=\"article\" \/>\n<meta property=\"og:title\" content=\"Mini \u2013 Insektenschutzrollo mit Federmechanismus\" \/>\n<meta property=\"og:description\" content=\"Mini von Bettio ist ein Feder-Insektenschutzrollo f\u00fcr Fenster. Das d\u00fcnnste Insektenschutzrollo der Welt \u2013 mit einem Kastengeh\u00e4use von nur 31 mm St\u00e4rke.\" \/>\n<meta property=\"og:url\" content=\"https:\/\/maisonshop.ch\/de\/insektenschutz\/mini\/\" \/>\n<meta property=\"og:site_name\" content=\"Maisonshop.ch\" \/>\n<meta property=\"article:publisher\" content=\"https:\/\/www.facebook.com\/MaisonShopCh\" \/>\n<meta property=\"article:modified_time\" content=\"2025-10-21T07:28:01+00:00\" \/>\n<meta name=\"twitter:card\" content=\"summary_large_image\" \/>\n<meta name=\"twitter:label1\" content=\"Gesch\u00e4tzte Lesezeit\" \/>\n\t<meta name=\"twitter:data1\" content=\"11\u00a0Minuten\" \/>\n<script type=\"application\/ld+json\" class=\"yoast-schema-graph\">{\"@context\":\"https:\/\/schema.org\",\"@graph\":[{\"@type\":\"WebPage\",\"@id\":\"https:\/\/maisonshop.ch\/de\/insektenschutz\/mini\/\",\"url\":\"https:\/\/maisonshop.ch\/de\/insektenschutz\/mini\/\",\"name\":\"Mini \u2013 Insektenschutzrollo mit Federmechanismus\",\"isPartOf\":{\"@id\":\"https:\/\/maisonshop.ch\/de\/#website\"},\"datePublished\":\"2022-12-13T14:38:57+00:00\",\"dateModified\":\"2025-10-21T07:28:01+00:00\",\"description\":\"Mini von Bettio ist ein Feder-Insektenschutzrollo f\u00fcr Fenster. Das d\u00fcnnste Insektenschutzrollo der Welt \u2013 mit einem Kastengeh\u00e4use von nur 31 mm St\u00e4rke.\",\"breadcrumb\":{\"@id\":\"https:\/\/maisonshop.ch\/de\/insektenschutz\/mini\/#breadcrumb\"},\"inLanguage\":\"de\",\"potentialAction\":[{\"@type\":\"ReadAction\",\"target\":[\"https:\/\/maisonshop.ch\/de\/insektenschutz\/mini\/\"]}]},{\"@type\":\"BreadcrumbList\",\"@id\":\"https:\/\/maisonshop.ch\/de\/insektenschutz\/mini\/#breadcrumb\",\"itemListElement\":[{\"@type\":\"ListItem\",\"position\":1,\"name\":\"Home\",\"item\":\"https:\/\/maisonshop.ch\/de\/home\/\"},{\"@type\":\"ListItem\",\"position\":2,\"name\":\"Insektenschutz\",\"item\":\"https:\/\/maisonshop.ch\/de\/dienstleistungen\/insektenschutz\/\"},{\"@type\":\"ListItem\",\"position\":3,\"name\":\"Mini\"}]},{\"@type\":\"WebSite\",\"@id\":\"https:\/\/maisonshop.ch\/de\/#website\",\"url\":\"https:\/\/maisonshop.ch\/de\/\",\"name\":\"Maisonshop.ch\",\"description\":\"Le ma\u00eetre d\u00e9corateur\",\"publisher\":{\"@id\":\"https:\/\/maisonshop.ch\/de\/#organization\"},\"alternateName\":\"Maison Shop\",\"potentialAction\":[{\"@type\":\"SearchAction\",\"target\":{\"@type\":\"EntryPoint\",\"urlTemplate\":\"https:\/\/maisonshop.ch\/de\/?s={search_term_string}\"},\"query-input\":{\"@type\":\"PropertyValueSpecification\",\"valueRequired\":true,\"valueName\":\"search_term_string\"}}],\"inLanguage\":\"de\"},{\"@type\":\"Organization\",\"@id\":\"https:\/\/maisonshop.ch\/de\/#organization\",\"name\":\"Maisonshop.ch Sagl\",\"url\":\"https:\/\/maisonshop.ch\/de\/\",\"logo\":{\"@type\":\"ImageObject\",\"inLanguage\":\"de\",\"@id\":\"https:\/\/maisonshop.ch\/de\/#\/schema\/logo\/image\/\",\"url\":\"https:\/\/maisonshop.ch\/wp-content\/uploads\/2022\/10\/ms-logo-400x90cm.png\",\"contentUrl\":\"https:\/\/maisonshop.ch\/wp-content\/uploads\/2022\/10\/ms-logo-400x90cm.png\",\"width\":400,\"height\":90,\"caption\":\"Maisonshop.ch Sagl\"},\"image\":{\"@id\":\"https:\/\/maisonshop.ch\/de\/#\/schema\/logo\/image\/\"},\"sameAs\":[\"https:\/\/www.facebook.com\/MaisonShopCh\"]}]}<\/script>\n<!-- \/ Yoast SEO plugin. -->","yoast_head_json":{"title":"Mini \u2013 Insektenschutzrollo mit Federmechanismus","description":"Mini von Bettio ist ein Feder-Insektenschutzrollo f\u00fcr Fenster. Das d\u00fcnnste Insektenschutzrollo der Welt \u2013 mit einem Kastengeh\u00e4use von nur 31 mm St\u00e4rke.","robots":{"index":"index","follow":"follow","max-snippet":"max-snippet:-1","max-image-preview":"max-image-preview:large","max-video-preview":"max-video-preview:-1"},"canonical":"https:\/\/maisonshop.ch\/de\/insektenschutz\/mini\/","og_locale":"de_DE","og_type":"article","og_title":"Mini \u2013 Insektenschutzrollo mit Federmechanismus","og_description":"Mini von Bettio ist ein Feder-Insektenschutzrollo f\u00fcr Fenster. Das d\u00fcnnste Insektenschutzrollo der Welt \u2013 mit einem Kastengeh\u00e4use von nur 31 mm St\u00e4rke.","og_url":"https:\/\/maisonshop.ch\/de\/insektenschutz\/mini\/","og_site_name":"Maisonshop.ch","article_publisher":"https:\/\/www.facebook.com\/MaisonShopCh","article_modified_time":"2025-10-21T07:28:01+00:00","twitter_card":"summary_large_image","twitter_misc":{"Gesch\u00e4tzte Lesezeit":"11\u00a0Minuten"},"schema":{"@context":"https:\/\/schema.org","@graph":[{"@type":"WebPage","@id":"https:\/\/maisonshop.ch\/de\/insektenschutz\/mini\/","url":"https:\/\/maisonshop.ch\/de\/insektenschutz\/mini\/","name":"Mini \u2013 Insektenschutzrollo mit Federmechanismus","isPartOf":{"@id":"https:\/\/maisonshop.ch\/de\/#website"},"datePublished":"2022-12-13T14:38:57+00:00","dateModified":"2025-10-21T07:28:01+00:00","description":"Mini von Bettio ist ein Feder-Insektenschutzrollo f\u00fcr Fenster. Das d\u00fcnnste Insektenschutzrollo der Welt \u2013 mit einem Kastengeh\u00e4use von nur 31 mm St\u00e4rke.","breadcrumb":{"@id":"https:\/\/maisonshop.ch\/de\/insektenschutz\/mini\/#breadcrumb"},"inLanguage":"de","potentialAction":[{"@type":"ReadAction","target":["https:\/\/maisonshop.ch\/de\/insektenschutz\/mini\/"]}]},{"@type":"BreadcrumbList","@id":"https:\/\/maisonshop.ch\/de\/insektenschutz\/mini\/#breadcrumb","itemListElement":[{"@type":"ListItem","position":1,"name":"Home","item":"https:\/\/maisonshop.ch\/de\/home\/"},{"@type":"ListItem","position":2,"name":"Insektenschutz","item":"https:\/\/maisonshop.ch\/de\/dienstleistungen\/insektenschutz\/"},{"@type":"ListItem","position":3,"name":"Mini"}]},{"@type":"WebSite","@id":"https:\/\/maisonshop.ch\/de\/#website","url":"https:\/\/maisonshop.ch\/de\/","name":"Maisonshop.ch","description":"Le ma\u00eetre d\u00e9corateur","publisher":{"@id":"https:\/\/maisonshop.ch\/de\/#organization"},"alternateName":"Maison Shop","potentialAction":[{"@type":"SearchAction","target":{"@type":"EntryPoint","urlTemplate":"https:\/\/maisonshop.ch\/de\/?s={search_term_string}"},"query-input":{"@type":"PropertyValueSpecification","valueRequired":true,"valueName":"search_term_string"}}],"inLanguage":"de"},{"@type":"Organization","@id":"https:\/\/maisonshop.ch\/de\/#organization","name":"Maisonshop.ch Sagl","url":"https:\/\/maisonshop.ch\/de\/","logo":{"@type":"ImageObject","inLanguage":"de","@id":"https:\/\/maisonshop.ch\/de\/#\/schema\/logo\/image\/","url":"https:\/\/maisonshop.ch\/wp-content\/uploads\/2022\/10\/ms-logo-400x90cm.png","contentUrl":"https:\/\/maisonshop.ch\/wp-content\/uploads\/2022\/10\/ms-logo-400x90cm.png","width":400,"height":90,"caption":"Maisonshop.ch Sagl"},"image":{"@id":"https:\/\/maisonshop.ch\/de\/#\/schema\/logo\/image\/"},"sameAs":["https:\/\/www.facebook.com\/MaisonShopCh"]}]}},"_links":{"self":[{"href":"https:\/\/maisonshop.ch\/de\/wp-json\/wp\/v2\/pages\/5883","targetHints":{"allow":["GET"]}}],"collection":[{"href":"https:\/\/maisonshop.ch\/de\/wp-json\/wp\/v2\/pages"}],"about":[{"href":"https:\/\/maisonshop.ch\/de\/wp-json\/wp\/v2\/types\/page"}],"author":[{"embeddable":true,"href":"https:\/\/maisonshop.ch\/de\/wp-json\/wp\/v2\/users\/1"}],"replies":[{"embeddable":true,"href":"https:\/\/maisonshop.ch\/de\/wp-json\/wp\/v2\/comments?post=5883"}],"version-history":[{"count":2,"href":"https:\/\/maisonshop.ch\/de\/wp-json\/wp\/v2\/pages\/5883\/revisions"}],"predecessor-version":[{"id":5885,"href":"https:\/\/maisonshop.ch\/de\/wp-json\/wp\/v2\/pages\/5883\/revisions\/5885"}],"up":[{"embeddable":true,"href":"https:\/\/maisonshop.ch\/de\/wp-json\/wp\/v2\/pages\/4533"}],"wp:attachment":[{"href":"https:\/\/maisonshop.ch\/de\/wp-json\/wp\/v2\/media?parent=5883"}],"curies":[{"name":"wp","href":"https:\/\/api.w.org\/{rel}","templated":true}]}}