{"id":5902,"date":"2022-12-13T16:54:29","date_gmt":"2022-12-13T15:54:29","guid":{"rendered":"https:\/\/maisonshop.ch\/insektenschutz\/revolux\/"},"modified":"2025-10-21T09:57:08","modified_gmt":"2025-10-21T07:57:08","slug":"revolux","status":"publish","type":"page","link":"https:\/\/maisonshop.ch\/de\/insektenschutz\/revolux\/","title":{"rendered":"Revolux"},"content":{"rendered":"<p><div class=\"fusion-fullwidth fullwidth-box fusion-builder-row-1 fusion-flex-container has-pattern-background has-mask-background nonhundred-percent-fullwidth non-hundred-percent-height-scrolling\" style=\"--awb-border-radius-top-left:0px;--awb-border-radius-top-right:0px;--awb-border-radius-bottom-right:0px;--awb-border-radius-bottom-left:0px;--awb-padding-bottom:0px;--awb-flex-wrap:wrap;\" ><div class=\"fusion-builder-row fusion-row fusion-flex-align-items-flex-start fusion-flex-content-wrap\" style=\"max-width:1320.8px;margin-left: calc(-4% \/ 2 );margin-right: calc(-4% \/ 2 );\"><div class=\"fusion-layout-column fusion_builder_column fusion-builder-column-0 fusion_builder_column_1_1 1_1 fusion-flex-column\" style=\"--awb-bg-size:cover;--awb-width-large:100%;--awb-margin-top-large:25px;--awb-spacing-right-large:1.92%;--awb-margin-bottom-large:25px;--awb-spacing-left-large:1.92%;--awb-width-medium:100%;--awb-order-medium:0;--awb-spacing-right-medium:1.92%;--awb-spacing-left-medium:1.92%;--awb-width-small:100%;--awb-order-small:0;--awb-spacing-right-small:1.92%;--awb-spacing-left-small:1.92%;\"><div class=\"fusion-column-wrapper fusion-column-has-shadow fusion-flex-justify-content-flex-start fusion-content-layout-column\"><div class=\"fusion-title title fusion-title-1 fusion-sep-none fusion-title-text fusion-title-size-two\" style=\"--awb-margin-top-small:8px;--awb-margin-right-small:0px;--awb-margin-bottom-small:16px;--awb-margin-left-small:0px;\"><h2 class=\"fusion-title-heading title-heading-left fusion-responsive-typography-calculated\" style=\"margin:0;--fontSize:44;line-height:1.26;\">Revolux \u2013 Clic-Clak\u00ae 40 mit Windschutzsystem<\/h2><\/div><\/div><\/div><\/div><\/div><div class=\"fusion-fullwidth fullwidth-box fusion-builder-row-2 fusion-flex-container has-pattern-background has-mask-background nonhundred-percent-fullwidth non-hundred-percent-height-scrolling\" style=\"--awb-border-radius-top-left:0px;--awb-border-radius-top-right:0px;--awb-border-radius-bottom-right:0px;--awb-border-radius-bottom-left:0px;--awb-padding-top:0px;--awb-padding-bottom:0px;--awb-flex-wrap:wrap;\" ><div class=\"fusion-builder-row fusion-row fusion-flex-align-items-flex-start fusion-flex-content-wrap\" style=\"max-width:1320.8px;margin-left: calc(-4% \/ 2 );margin-right: calc(-4% \/ 2 );\"><div class=\"fusion-layout-column fusion_builder_column fusion-builder-column-1 fusion_builder_column_1_2 1_2 fusion-flex-column\" style=\"--awb-bg-size:cover;--awb-width-large:50%;--awb-margin-top-large:25px;--awb-spacing-right-large:3.84%;--awb-margin-bottom-large:25px;--awb-spacing-left-large:3.84%;--awb-width-medium:100%;--awb-order-medium:0;--awb-spacing-right-medium:1.92%;--awb-spacing-left-medium:1.92%;--awb-width-small:100%;--awb-order-small:0;--awb-spacing-right-small:1.92%;--awb-spacing-left-small:1.92%;\"><div class=\"fusion-column-wrapper fusion-column-has-shadow fusion-flex-justify-content-flex-start fusion-content-layout-column\"><div class=\"fusion-image-element \" style=\"--awb-caption-title-font-family:var(--h2_typography-font-family);--awb-caption-title-font-weight:var(--h2_typography-font-weight);--awb-caption-title-font-style:var(--h2_typography-font-style);--awb-caption-title-size:var(--h2_typography-font-size);--awb-caption-title-transform:var(--h2_typography-text-transform);--awb-caption-title-line-height:var(--h2_typography-line-height);--awb-caption-title-letter-spacing:var(--h2_typography-letter-spacing);\"><span class=\" fusion-imageframe imageframe-none imageframe-1 hover-type-zoomin\"><a href=\"https:\/\/maisonshop.ch\/wp-content\/uploads\/2022\/11\/revolux-zanzariera.jpg\" class=\"fusion-lightbox\" data-rel=\"iLightbox[7564ebca1df3406339d]\" data-title=\"Zanzariera Revolux\" title=\"Zanzariera Revolux\"><img decoding=\"async\" width=\"600\" height=\"599\" alt=\"Revolux \u2013 Clic-Clak\u00ae 40 mit Windschutzsystem\" src=\"https:\/\/maisonshop.ch\/wp-content\/uploads\/2022\/11\/revolux-zanzariera.jpg\" data-orig-src=\"https:\/\/maisonshop.ch\/wp-content\/uploads\/2022\/11\/revolux-zanzariera-600x599.jpg\" class=\"lazyload img-responsive wp-image-4213\" srcset=\"data:image\/svg+xml,%3Csvg%20xmlns%3D%27http%3A%2F%2Fwww.w3.org%2F2000%2Fsvg%27%20width%3D%271000%27%20height%3D%27999%27%20viewBox%3D%270%200%201000%20999%27%3E%3Crect%20width%3D%271000%27%20height%3D%27999%27%20fill-opacity%3D%220%22%2F%3E%3C%2Fsvg%3E\" data-srcset=\"https:\/\/maisonshop.ch\/wp-content\/uploads\/2022\/11\/revolux-zanzariera-200x200.jpg 200w, https:\/\/maisonshop.ch\/wp-content\/uploads\/2022\/11\/revolux-zanzariera-400x400.jpg 400w, https:\/\/maisonshop.ch\/wp-content\/uploads\/2022\/11\/revolux-zanzariera-600x599.jpg 600w, https:\/\/maisonshop.ch\/wp-content\/uploads\/2022\/11\/revolux-zanzariera-800x799.jpg 800w, https:\/\/maisonshop.ch\/wp-content\/uploads\/2022\/11\/revolux-zanzariera.jpg 1000w\" data-sizes=\"auto\" data-orig-sizes=\"(max-width: 1024px) 100vw, (max-width: 640px) 100vw, 600px\" \/><\/a><\/span><\/div><ul style=\"--awb-size:16px;--awb-line-height:27.2px;--awb-icon-width:27.2px;--awb-icon-height:27.2px;--awb-icon-margin:11.2px;--awb-content-margin:38.4px;--awb-circlecolor:var(--awb-color2);--awb-circle-yes-font-size:14.08px;\" class=\"fusion-checklist fusion-checklist-1 fusion-checklist-default type-icons\"><li class=\"fusion-li-item\" style=\"\"><span class=\"icon-wrapper circle-yes\"><i class=\"fusion-li-icon fa-file-alt fas\" aria-hidden=\"true\"><\/i><\/span><div class=\"fusion-li-item-content\">\n<p><a href=\"https:\/\/maisonshop.ch\/wp-content\/uploads\/2022\/11\/revolux.pdf\">Technisches Datenblatt<\/a><\/p>\n<\/div><\/li><li class=\"fusion-li-item\" style=\"\"><span class=\"icon-wrapper circle-yes\"><i class=\"fusion-li-icon fa-swatchbook fas\" aria-hidden=\"true\"><\/i><\/span><div class=\"fusion-li-item-content\">\n<p>Farben<\/p>\n<\/div><\/li><\/ul><a class=\"awb-lightbox awb-lightbox-1\" data-title=\"Colori zanzariera Revolux\" title=\"Colori zanzariera Revolux\" href=\"https:\/\/maisonshop.ch\/wp-content\/uploads\/2022\/12\/colori-revolux.jpg\" data-caption=\"Farben des Insektenschutzgitters Revolux\" data-rel=\"iLightbox\"><img class=\"lazyload\" decoding=\"async\" src=\"data:image\/svg+xml,%3Csvg%20xmlns%3D%27http%3A%2F%2Fwww.w3.org%2F2000%2Fsvg%27%20width%3D%27200%27%20height%3D%27117%27%20viewBox%3D%270%200%20200%20117%27%3E%3Crect%20width%3D%27200%27%20height%3D%27117%27%20fill-opacity%3D%220%22%2F%3E%3C%2Fsvg%3E\" data-orig-src=\"https:\/\/maisonshop.ch\/wp-content\/uploads\/2022\/12\/colori-revolux-200x117.jpg\" alt=\"Farben des Insektenschutzgitters Revolux\"><\/a><\/div><\/div><div class=\"fusion-layout-column fusion_builder_column fusion-builder-column-2 fusion_builder_column_1_2 1_2 fusion-flex-column\" style=\"--awb-bg-size:cover;--awb-width-large:50%;--awb-margin-top-large:25px;--awb-spacing-right-large:3.84%;--awb-margin-bottom-large:25px;--awb-spacing-left-large:3.84%;--awb-width-medium:100%;--awb-order-medium:0;--awb-spacing-right-medium:1.92%;--awb-spacing-left-medium:1.92%;--awb-width-small:100%;--awb-order-small:0;--awb-spacing-right-small:1.92%;--awb-spacing-left-small:1.92%;\"><div class=\"fusion-column-wrapper fusion-column-has-shadow fusion-flex-justify-content-flex-start fusion-content-layout-column\"><div class=\"fusion-text fusion-text-1\"><p>Es ist kaum m\u00f6glich, ein einziges Insektenschutzsystem zu finden, das sich in <b>jeder Umgebung<\/b> und auf jedem Fenster- oder T\u00fcrrahmen installieren l\u00e4sst. <b>Fenster, T\u00fcren und Dachfenster<\/b> erfordern oft unterschiedliche L\u00f6sungen. Manchmal kann die Zanzariere verschraubt werden, in anderen F\u00e4llen ist das nicht erlaubt oder erw\u00fcnscht. Mit Revolux hat Bettio ein Produkt entwickelt, das eine echte Revolution in diesem Bereich darstellt.  <\/p>\n<p>Dieses aufrollbare Insektenschutzsystem ist in <b>f\u00fcnf Varianten<\/b> erh\u00e4ltlich und l\u00e4sst sich an jede Einbausituation anpassen. Ein einziges Produkt \u2013 unendlich viele Anwendungen, f\u00fcr ein einheitliches, stilvolles Ergebnis. <\/p>\n<p>Revolux kann wie herk\u00f6mmliche Modelle mit Schrauben in Standard\u00f6ffnungen befestigt oder mit Halteklammern direkt am Fensterrahmen montiert werden. F\u00fcr Dachfenster stehen Frontwinkel oder Steckstifte zur Verf\u00fcgung, die es erm\u00f6glichen, das System jederzeit einfach ein- oder auszuh\u00e4ngen.<\/p>\n<\/div><\/div><\/div><\/div><\/div><div class=\"fusion-fullwidth fullwidth-box fusion-builder-row-3 fusion-flex-container has-pattern-background has-mask-background nonhundred-percent-fullwidth non-hundred-percent-height-scrolling\" style=\"--awb-border-radius-top-left:0px;--awb-border-radius-top-right:0px;--awb-border-radius-bottom-right:0px;--awb-border-radius-bottom-left:0px;--awb-padding-top:0px;--awb-flex-wrap:wrap;\" ><div class=\"fusion-builder-row fusion-row fusion-flex-align-items-flex-start fusion-flex-content-wrap\" style=\"max-width:1320.8px;margin-left: calc(-4% \/ 2 );margin-right: calc(-4% \/ 2 );\"><div class=\"fusion-layout-column fusion_builder_column fusion-builder-column-3 fusion_builder_column_1_1 1_1 fusion-flex-column\" style=\"--awb-bg-size:cover;--awb-width-large:100%;--awb-margin-top-large:25px;--awb-spacing-right-large:1.92%;--awb-margin-bottom-large:25px;--awb-spacing-left-large:1.92%;--awb-width-medium:100%;--awb-order-medium:0;--awb-spacing-right-medium:1.92%;--awb-spacing-left-medium:1.92%;--awb-width-small:100%;--awb-order-small:0;--awb-spacing-right-small:1.92%;--awb-spacing-left-small:1.92%;\"><div class=\"fusion-column-wrapper fusion-column-has-shadow fusion-flex-justify-content-flex-start fusion-content-layout-column\"><div class=\"fusion-text fusion-text-2\"><p>Doch das ist noch nicht alles. Die Revolution w\u00e4re nicht vollst\u00e4ndig ohne die weiteren patentierten Systeme von Bettio, wie das <b>Clic-Clak\u00ae-System<\/b>, das es erm\u00f6glicht, das Insektenschutzgitter mit einer Hand zu \u00f6ffnen und zu schliessen, sowie die windfeste B\u00fcrste, die das klassische Band mit Kn\u00f6pfen ersetzt. <\/p>\n<p>Mit einer \u00e4usserst geringen Tiefe von nur 4 cm und einem modernen, klaren Design ist Revolux ideal f\u00fcr T\u00fcren und Fenster. Erh\u00e4ltlich in <b>14 Farben<\/b>, l\u00e4sst sich diese Zanzariere harmonisch in jedes Ambiente integrieren.<br \/>Die maximalen Netzabmessungen betragen 1,60 \u00d7 2,48 m, was sie perfekt f\u00fcr Standardfenster macht. <\/p>\n<p>Das Sch\u00fctzen Ihres Zuhauses vor M\u00fccken, noch bevor die Sommerhitze einsetzt, war noch nie so <b>einfach<\/b> und <b>komfortabel<\/b>. Mit Revolux geh\u00f6ren Stiche und juckende Haut endlich der Vergangenheit an \u2013 f\u00fcr mehr Wohlbefinden in jedem Raum Ihres Hauses.<\/p>\n<\/div><\/div><\/div><\/div><\/div><\/p>\n","protected":false},"excerpt":{"rendered":"","protected":false},"author":1,"featured_media":0,"parent":4533,"menu_order":0,"comment_status":"closed","ping_status":"closed","template":"side-navigation.php","meta":{"_monsterinsights_skip_tracking":false,"_monsterinsights_sitenote_active":false,"_monsterinsights_sitenote_note":"","_monsterinsights_sitenote_category":0,"_themeisle_gutenberg_block_has_review":false,"footnotes":""},"class_list":["post-5902","page","type-page","status-publish","hentry"],"yoast_head":"<!-- This site is optimized with the Yoast SEO plugin v27.2 - https:\/\/yoast.com\/product\/yoast-seo-wordpress\/ -->\n<title>Revolux \u2013 Vielseitiges Insektenschutzsystem von Bettio<\/title>\n<meta name=\"description\" content=\"Revolux von Bettio: 5 Varianten, Clic-Clak-System, Windschutzb\u00fcrste, nur 4 cm tief, 14 Farben \u2013 vielseitig f\u00fcr Fenster, T\u00fcren und Dachfenster.\" \/>\n<meta name=\"robots\" content=\"index, follow, max-snippet:-1, max-image-preview:large, max-video-preview:-1\" \/>\n<link rel=\"canonical\" href=\"https:\/\/maisonshop.ch\/de\/insektenschutz\/revolux\/\" \/>\n<meta property=\"og:locale\" content=\"de_DE\" \/>\n<meta property=\"og:type\" content=\"article\" \/>\n<meta property=\"og:title\" content=\"Revolux \u2013 Vielseitiges Insektenschutzsystem von Bettio\" \/>\n<meta property=\"og:description\" content=\"Revolux von Bettio: 5 Varianten, Clic-Clak-System, Windschutzb\u00fcrste, nur 4 cm tief, 14 Farben \u2013 vielseitig f\u00fcr Fenster, T\u00fcren und Dachfenster.\" \/>\n<meta property=\"og:url\" content=\"https:\/\/maisonshop.ch\/de\/insektenschutz\/revolux\/\" \/>\n<meta property=\"og:site_name\" content=\"Maisonshop.ch\" \/>\n<meta property=\"article:publisher\" content=\"https:\/\/www.facebook.com\/MaisonShopCh\" \/>\n<meta property=\"article:modified_time\" content=\"2025-10-21T07:57:08+00:00\" \/>\n<meta name=\"twitter:card\" content=\"summary_large_image\" \/>\n<meta name=\"twitter:label1\" content=\"Gesch\u00e4tzte Lesezeit\" \/>\n\t<meta name=\"twitter:data1\" content=\"11\u00a0Minuten\" \/>\n<script type=\"application\/ld+json\" class=\"yoast-schema-graph\">{\"@context\":\"https:\/\/schema.org\",\"@graph\":[{\"@type\":\"WebPage\",\"@id\":\"https:\/\/maisonshop.ch\/de\/insektenschutz\/revolux\/\",\"url\":\"https:\/\/maisonshop.ch\/de\/insektenschutz\/revolux\/\",\"name\":\"Revolux \u2013 Vielseitiges Insektenschutzsystem von Bettio\",\"isPartOf\":{\"@id\":\"https:\/\/maisonshop.ch\/de\/#website\"},\"datePublished\":\"2022-12-13T15:54:29+00:00\",\"dateModified\":\"2025-10-21T07:57:08+00:00\",\"description\":\"Revolux von Bettio: 5 Varianten, Clic-Clak-System, Windschutzb\u00fcrste, nur 4 cm tief, 14 Farben \u2013 vielseitig f\u00fcr Fenster, T\u00fcren und Dachfenster.\",\"breadcrumb\":{\"@id\":\"https:\/\/maisonshop.ch\/de\/insektenschutz\/revolux\/#breadcrumb\"},\"inLanguage\":\"de\",\"potentialAction\":[{\"@type\":\"ReadAction\",\"target\":[\"https:\/\/maisonshop.ch\/de\/insektenschutz\/revolux\/\"]}]},{\"@type\":\"BreadcrumbList\",\"@id\":\"https:\/\/maisonshop.ch\/de\/insektenschutz\/revolux\/#breadcrumb\",\"itemListElement\":[{\"@type\":\"ListItem\",\"position\":1,\"name\":\"Home\",\"item\":\"https:\/\/maisonshop.ch\/de\/home\/\"},{\"@type\":\"ListItem\",\"position\":2,\"name\":\"Insektenschutz\",\"item\":\"https:\/\/maisonshop.ch\/de\/dienstleistungen\/insektenschutz\/\"},{\"@type\":\"ListItem\",\"position\":3,\"name\":\"Revolux\"}]},{\"@type\":\"WebSite\",\"@id\":\"https:\/\/maisonshop.ch\/de\/#website\",\"url\":\"https:\/\/maisonshop.ch\/de\/\",\"name\":\"Maisonshop.ch\",\"description\":\"Le ma\u00eetre d\u00e9corateur\",\"publisher\":{\"@id\":\"https:\/\/maisonshop.ch\/de\/#organization\"},\"alternateName\":\"Maison Shop\",\"potentialAction\":[{\"@type\":\"SearchAction\",\"target\":{\"@type\":\"EntryPoint\",\"urlTemplate\":\"https:\/\/maisonshop.ch\/de\/?s={search_term_string}\"},\"query-input\":{\"@type\":\"PropertyValueSpecification\",\"valueRequired\":true,\"valueName\":\"search_term_string\"}}],\"inLanguage\":\"de\"},{\"@type\":\"Organization\",\"@id\":\"https:\/\/maisonshop.ch\/de\/#organization\",\"name\":\"Maisonshop.ch Sagl\",\"url\":\"https:\/\/maisonshop.ch\/de\/\",\"logo\":{\"@type\":\"ImageObject\",\"inLanguage\":\"de\",\"@id\":\"https:\/\/maisonshop.ch\/de\/#\/schema\/logo\/image\/\",\"url\":\"https:\/\/maisonshop.ch\/wp-content\/uploads\/2022\/10\/ms-logo-400x90cm.png\",\"contentUrl\":\"https:\/\/maisonshop.ch\/wp-content\/uploads\/2022\/10\/ms-logo-400x90cm.png\",\"width\":400,\"height\":90,\"caption\":\"Maisonshop.ch Sagl\"},\"image\":{\"@id\":\"https:\/\/maisonshop.ch\/de\/#\/schema\/logo\/image\/\"},\"sameAs\":[\"https:\/\/www.facebook.com\/MaisonShopCh\"]}]}<\/script>\n<!-- \/ Yoast SEO plugin. -->","yoast_head_json":{"title":"Revolux \u2013 Vielseitiges Insektenschutzsystem von Bettio","description":"Revolux von Bettio: 5 Varianten, Clic-Clak-System, Windschutzb\u00fcrste, nur 4 cm tief, 14 Farben \u2013 vielseitig f\u00fcr Fenster, T\u00fcren und Dachfenster.","robots":{"index":"index","follow":"follow","max-snippet":"max-snippet:-1","max-image-preview":"max-image-preview:large","max-video-preview":"max-video-preview:-1"},"canonical":"https:\/\/maisonshop.ch\/de\/insektenschutz\/revolux\/","og_locale":"de_DE","og_type":"article","og_title":"Revolux \u2013 Vielseitiges Insektenschutzsystem von Bettio","og_description":"Revolux von Bettio: 5 Varianten, Clic-Clak-System, Windschutzb\u00fcrste, nur 4 cm tief, 14 Farben \u2013 vielseitig f\u00fcr Fenster, T\u00fcren und Dachfenster.","og_url":"https:\/\/maisonshop.ch\/de\/insektenschutz\/revolux\/","og_site_name":"Maisonshop.ch","article_publisher":"https:\/\/www.facebook.com\/MaisonShopCh","article_modified_time":"2025-10-21T07:57:08+00:00","twitter_card":"summary_large_image","twitter_misc":{"Gesch\u00e4tzte Lesezeit":"11\u00a0Minuten"},"schema":{"@context":"https:\/\/schema.org","@graph":[{"@type":"WebPage","@id":"https:\/\/maisonshop.ch\/de\/insektenschutz\/revolux\/","url":"https:\/\/maisonshop.ch\/de\/insektenschutz\/revolux\/","name":"Revolux \u2013 Vielseitiges Insektenschutzsystem von Bettio","isPartOf":{"@id":"https:\/\/maisonshop.ch\/de\/#website"},"datePublished":"2022-12-13T15:54:29+00:00","dateModified":"2025-10-21T07:57:08+00:00","description":"Revolux von Bettio: 5 Varianten, Clic-Clak-System, Windschutzb\u00fcrste, nur 4 cm tief, 14 Farben \u2013 vielseitig f\u00fcr Fenster, T\u00fcren und Dachfenster.","breadcrumb":{"@id":"https:\/\/maisonshop.ch\/de\/insektenschutz\/revolux\/#breadcrumb"},"inLanguage":"de","potentialAction":[{"@type":"ReadAction","target":["https:\/\/maisonshop.ch\/de\/insektenschutz\/revolux\/"]}]},{"@type":"BreadcrumbList","@id":"https:\/\/maisonshop.ch\/de\/insektenschutz\/revolux\/#breadcrumb","itemListElement":[{"@type":"ListItem","position":1,"name":"Home","item":"https:\/\/maisonshop.ch\/de\/home\/"},{"@type":"ListItem","position":2,"name":"Insektenschutz","item":"https:\/\/maisonshop.ch\/de\/dienstleistungen\/insektenschutz\/"},{"@type":"ListItem","position":3,"name":"Revolux"}]},{"@type":"WebSite","@id":"https:\/\/maisonshop.ch\/de\/#website","url":"https:\/\/maisonshop.ch\/de\/","name":"Maisonshop.ch","description":"Le ma\u00eetre d\u00e9corateur","publisher":{"@id":"https:\/\/maisonshop.ch\/de\/#organization"},"alternateName":"Maison Shop","potentialAction":[{"@type":"SearchAction","target":{"@type":"EntryPoint","urlTemplate":"https:\/\/maisonshop.ch\/de\/?s={search_term_string}"},"query-input":{"@type":"PropertyValueSpecification","valueRequired":true,"valueName":"search_term_string"}}],"inLanguage":"de"},{"@type":"Organization","@id":"https:\/\/maisonshop.ch\/de\/#organization","name":"Maisonshop.ch Sagl","url":"https:\/\/maisonshop.ch\/de\/","logo":{"@type":"ImageObject","inLanguage":"de","@id":"https:\/\/maisonshop.ch\/de\/#\/schema\/logo\/image\/","url":"https:\/\/maisonshop.ch\/wp-content\/uploads\/2022\/10\/ms-logo-400x90cm.png","contentUrl":"https:\/\/maisonshop.ch\/wp-content\/uploads\/2022\/10\/ms-logo-400x90cm.png","width":400,"height":90,"caption":"Maisonshop.ch Sagl"},"image":{"@id":"https:\/\/maisonshop.ch\/de\/#\/schema\/logo\/image\/"},"sameAs":["https:\/\/www.facebook.com\/MaisonShopCh"]}]}},"_links":{"self":[{"href":"https:\/\/maisonshop.ch\/de\/wp-json\/wp\/v2\/pages\/5902","targetHints":{"allow":["GET"]}}],"collection":[{"href":"https:\/\/maisonshop.ch\/de\/wp-json\/wp\/v2\/pages"}],"about":[{"href":"https:\/\/maisonshop.ch\/de\/wp-json\/wp\/v2\/types\/page"}],"author":[{"embeddable":true,"href":"https:\/\/maisonshop.ch\/de\/wp-json\/wp\/v2\/users\/1"}],"replies":[{"embeddable":true,"href":"https:\/\/maisonshop.ch\/de\/wp-json\/wp\/v2\/comments?post=5902"}],"version-history":[{"count":3,"href":"https:\/\/maisonshop.ch\/de\/wp-json\/wp\/v2\/pages\/5902\/revisions"}],"predecessor-version":[{"id":5905,"href":"https:\/\/maisonshop.ch\/de\/wp-json\/wp\/v2\/pages\/5902\/revisions\/5905"}],"up":[{"embeddable":true,"href":"https:\/\/maisonshop.ch\/de\/wp-json\/wp\/v2\/pages\/4533"}],"wp:attachment":[{"href":"https:\/\/maisonshop.ch\/de\/wp-json\/wp\/v2\/media?parent=5902"}],"curies":[{"name":"wp","href":"https:\/\/api.w.org\/{rel}","templated":true}]}}